{"id":2242,"date":"2025-06-21T17:27:09","date_gmt":"2025-06-21T15:27:09","guid":{"rendered":"https:\/\/www.interpadelmedia.com\/who-we-are\/"},"modified":"2025-12-04T00:53:36","modified_gmt":"2025-12-03T23:53:36","slug":"who-we-are","status":"publish","type":"page","link":"https:\/\/www.interpadelmedia.com\/en\/who-we-are\/","title":{"rendered":"Who we are"},"content":{"rendered":"\t\t<div data-elementor-type=\"wp-page\" data-elementor-id=\"2242\" class=\"elementor elementor-2242 elementor-468\">\n\t\t\t\t<div class=\"elementor-element elementor-element-036b9bc e-con-full e-flex e-con e-parent\" data-id=\"036b9bc\" data-element_type=\"container\" data-e-type=\"container\">\n\t\t\t\t<div class=\"elementor-element elementor-element-1359299 elementor-widget elementor-widget-heading\" data-id=\"1359299\" data-element_type=\"widget\" data-e-type=\"widget\" data-settings=\"{&quot;htmega_fe&quot;:&quot;no&quot;}\" data-widget_type=\"heading.default\">\n\t\t\t\t<div class=\"elementor-widget-container\">\n\t\t\t\t\t<h2 class=\"elementor-heading-title elementor-size-default\">Who we are<\/h2>\t\t\t\t<\/div>\n\t\t\t\t<\/div>\n\t\t\t\t<\/div>\n\t\t<div class=\"elementor-element elementor-element-d4bb64b e-flex e-con-boxed e-con e-parent\" data-id=\"d4bb64b\" data-element_type=\"container\" data-e-type=\"container\">\n\t\t\t\t\t<div class=\"e-con-inner\">\n\t\t<div class=\"elementor-element elementor-element-fee9a79 e-con-full e-flex e-con e-child\" data-id=\"fee9a79\" data-element_type=\"container\" data-e-type=\"container\">\n\t\t\t\t<div class=\"elementor-element elementor-element-05cfa3f elementor-widget elementor-widget-image\" data-id=\"05cfa3f\" data-element_type=\"widget\" data-e-type=\"widget\" data-settings=\"{&quot;htmega_fe&quot;:&quot;no&quot;}\" data-widget_type=\"image.default\">\n\t\t\t\t<div class=\"elementor-widget-container\">\n\t\t\t\t\t\t\t\t\t\t\t\t\t\t\t<img fetchpriority=\"high\" decoding=\"async\" width=\"945\" height=\"1330\" src=\"https:\/\/www.interpadelmedia.com\/wp-content\/uploads\/2025\/06\/Ivan.jpeg\" class=\"attachment-full size-full wp-image-2243\" alt=\"\" srcset=\"https:\/\/www.interpadelmedia.com\/wp-content\/uploads\/2025\/06\/Ivan.jpeg 945w, https:\/\/www.interpadelmedia.com\/wp-content\/uploads\/2025\/06\/Ivan-213x300.jpeg 213w, https:\/\/www.interpadelmedia.com\/wp-content\/uploads\/2025\/06\/Ivan-728x1024.jpeg 728w, https:\/\/www.interpadelmedia.com\/wp-content\/uploads\/2025\/06\/Ivan-768x1081.jpeg 768w\" sizes=\"(max-width: 945px) 100vw, 945px\" \/>\t\t\t\t\t\t\t\t\t\t\t\t\t\t\t<\/div>\n\t\t\t\t<\/div>\n\t\t\t\t<\/div>\n\t\t<div class=\"elementor-element elementor-element-3f05cb5 e-con-full e-flex e-con e-child\" data-id=\"3f05cb5\" data-element_type=\"container\" data-e-type=\"container\">\n\t\t\t\t<div class=\"elementor-element elementor-element-3337716 elementor-widget elementor-widget-text-editor\" data-id=\"3337716\" data-element_type=\"widget\" data-e-type=\"widget\" data-settings=\"{&quot;htmega_fe&quot;:&quot;no&quot;}\" data-widget_type=\"text-editor.default\">\n\t\t\t\t<div class=\"elementor-widget-container\">\n\t\t\t\t\t\t\t\t\t<p class=\"p1\">Padel unites. With that idea this International Padel Media Association was born, after an intense week shared during a tournament with my dear Carles Prats (Padel2.0). We realised that there are many voices talking about padel, others who want to learn about it and many who still have to discover it. And we feel the need to bring them all together in one place.<\/p><p class=\"p1\">Our goal is clear: to bring padel, that sport that is in our blood, to every corner of the planet. Where there&#8217;s a clue, we want someone to tell it. For this reason, this association multiplies its value thanks to the union of more than 40 journalists, content creators, digital media, magazines, radio and television production companies, spread over 10 countries and 4 continents. We give each other feedback, collaborate and share every news that happens in the world of padel.<\/p><p class=\"p1\">We invite all those who share this passion to be part of this great family and to join forces to give visibility to padel from all fronts: together with federations, circuits, clubs, players and brands. Because the dream is big, but shared: to see padel become an Olympic sport.<\/p><p style=\"text-align: right;\"><em>Iv\u00e1n Hern\u00e1ndez Mart\u00edn<\/em><br><em>President of the International Padel Media Association<\/em><\/p>\t\t\t\t\t\t\t\t<\/div>\n\t\t\t\t<\/div>\n\t\t\t\t<\/div>\n\t\t\t\t\t<\/div>\n\t\t\t\t<\/div>\n\t\t\t\t<\/div>\n\t\t","protected":false},"excerpt":{"rendered":"<p>Who we are Padel unites. With that idea this International Padel Media Association was born, after an intense week shared during a tournament with my dear Carles Prats (Padel2.0). We realised that there are many voices talking about padel, others who want to learn about it and many who still have to discover it. And [&hellip;]<\/p>\n","protected":false},"author":1,"featured_media":2209,"parent":0,"menu_order":0,"comment_status":"closed","ping_status":"closed","template":"","meta":{"footnotes":""},"class_list":["post-2242","page","type-page","status-publish","has-post-thumbnail","hentry"],"yoast_head":"<!-- This site is optimized with the Yoast SEO plugin v27.5 - https:\/\/yoast.com\/product\/yoast-seo-wordpress\/ -->\n<title>Who we are - International Padel Media Association<\/title>\n<meta name=\"description\" content=\"We join voices to tell the world about padel. Discover the origin, mission and team behind the International Padel Media Association.\" \/>\n<meta name=\"robots\" content=\"index, follow, max-snippet:-1, max-image-preview:large, max-video-preview:-1\" \/>\n<link rel=\"canonical\" href=\"https:\/\/www.interpadelmedia.com\/en\/who-we-are\/\" \/>\n<meta property=\"og:locale\" content=\"en_US\" \/>\n<meta property=\"og:type\" content=\"article\" \/>\n<meta property=\"og:title\" content=\"Who we are - International Padel Media Association\" \/>\n<meta property=\"og:description\" content=\"We join voices to tell the world about padel. Discover the origin, mission and team behind the International Padel Media Association.\" \/>\n<meta property=\"og:url\" content=\"https:\/\/www.interpadelmedia.com\/en\/who-we-are\/\" \/>\n<meta property=\"og:site_name\" content=\"International Padel Media Association (IPMA)\" \/>\n<meta property=\"article:publisher\" content=\"https:\/\/www.facebook.com\/profile.php?id=61564675752871\" \/>\n<meta property=\"article:modified_time\" content=\"2025-12-03T23:53:36+00:00\" \/>\n<meta property=\"og:image\" content=\"https:\/\/www.interpadelmedia.com\/wp-content\/uploads\/2025\/06\/Open_Graph_verde-1024x538.png\" \/>\n<meta name=\"twitter:card\" content=\"summary_large_image\" \/>\n<meta name=\"twitter:title\" content=\"Who we are - International Padel Media Association\" \/>\n<meta name=\"twitter:description\" content=\"We join voices to tell the world about padel. Discover the origin, mission and team behind the International Padel Media Association.\" \/>\n<meta name=\"twitter:image\" content=\"https:\/\/www.interpadelmedia.com\/wp-content\/uploads\/2025\/06\/Open_Graph_verde-1024x538.png\" \/>\n<meta name=\"twitter:site\" content=\"@InterPadelMedia\" \/>\n<meta name=\"twitter:label1\" content=\"Est. reading time\" \/>\n\t<meta name=\"twitter:data1\" content=\"1 minute\" \/>\n<script type=\"application\/ld+json\" class=\"yoast-schema-graph\">{\"@context\":\"https:\\\/\\\/schema.org\",\"@graph\":[{\"@type\":\"WebPage\",\"@id\":\"https:\\\/\\\/www.interpadelmedia.com\\\/en\\\/who-we-are\\\/\",\"url\":\"https:\\\/\\\/www.interpadelmedia.com\\\/en\\\/who-we-are\\\/\",\"name\":\"Who we are - International Padel Media Association\",\"isPartOf\":{\"@id\":\"https:\\\/\\\/www.interpadelmedia.com\\\/en\\\/#website\"},\"primaryImageOfPage\":{\"@id\":\"https:\\\/\\\/www.interpadelmedia.com\\\/en\\\/who-we-are\\\/#primaryimage\"},\"image\":{\"@id\":\"https:\\\/\\\/www.interpadelmedia.com\\\/en\\\/who-we-are\\\/#primaryimage\"},\"thumbnailUrl\":\"https:\\\/\\\/www.interpadelmedia.com\\\/wp-content\\\/uploads\\\/2025\\\/06\\\/Open_Graph_verde.png\",\"datePublished\":\"2025-06-21T15:27:09+00:00\",\"dateModified\":\"2025-12-03T23:53:36+00:00\",\"description\":\"We join voices to tell the world about padel. Discover the origin, mission and team behind the International Padel Media Association.\",\"breadcrumb\":{\"@id\":\"https:\\\/\\\/www.interpadelmedia.com\\\/en\\\/who-we-are\\\/#breadcrumb\"},\"inLanguage\":\"en-US\",\"potentialAction\":[{\"@type\":\"ReadAction\",\"target\":[\"https:\\\/\\\/www.interpadelmedia.com\\\/en\\\/who-we-are\\\/\"]}]},{\"@type\":\"ImageObject\",\"inLanguage\":\"en-US\",\"@id\":\"https:\\\/\\\/www.interpadelmedia.com\\\/en\\\/who-we-are\\\/#primaryimage\",\"url\":\"https:\\\/\\\/www.interpadelmedia.com\\\/wp-content\\\/uploads\\\/2025\\\/06\\\/Open_Graph_verde.png\",\"contentUrl\":\"https:\\\/\\\/www.interpadelmedia.com\\\/wp-content\\\/uploads\\\/2025\\\/06\\\/Open_Graph_verde.png\",\"width\":1200,\"height\":630},{\"@type\":\"BreadcrumbList\",\"@id\":\"https:\\\/\\\/www.interpadelmedia.com\\\/en\\\/who-we-are\\\/#breadcrumb\",\"itemListElement\":[{\"@type\":\"ListItem\",\"position\":1,\"name\":\"Portada\",\"item\":\"https:\\\/\\\/www.interpadelmedia.com\\\/en\\\/\"},{\"@type\":\"ListItem\",\"position\":2,\"name\":\"Who we are\"}]},{\"@type\":\"WebSite\",\"@id\":\"https:\\\/\\\/www.interpadelmedia.com\\\/en\\\/#website\",\"url\":\"https:\\\/\\\/www.interpadelmedia.com\\\/en\\\/\",\"name\":\"Asociaci\u00f3n Internacional de Medios de P\u00e1del\",\"description\":\"El p\u00e1del une\",\"publisher\":{\"@id\":\"https:\\\/\\\/www.interpadelmedia.com\\\/en\\\/#organization\"},\"alternateName\":\"International Padel Media Association\",\"potentialAction\":[{\"@type\":\"SearchAction\",\"target\":{\"@type\":\"EntryPoint\",\"urlTemplate\":\"https:\\\/\\\/www.interpadelmedia.com\\\/en\\\/?s={search_term_string}\"},\"query-input\":{\"@type\":\"PropertyValueSpecification\",\"valueRequired\":true,\"valueName\":\"search_term_string\"}}],\"inLanguage\":\"en-US\"},{\"@type\":\"Organization\",\"@id\":\"https:\\\/\\\/www.interpadelmedia.com\\\/en\\\/#organization\",\"name\":\"Asociaci\u00f3n Internacional de Medios de P\u00e1del\",\"alternateName\":\"International Padel Media Association\",\"url\":\"https:\\\/\\\/www.interpadelmedia.com\\\/en\\\/\",\"logo\":{\"@type\":\"ImageObject\",\"inLanguage\":\"en-US\",\"@id\":\"https:\\\/\\\/www.interpadelmedia.com\\\/en\\\/#\\\/schema\\\/logo\\\/image\\\/\",\"url\":\"https:\\\/\\\/www.interpadelmedia.com\\\/wp-content\\\/uploads\\\/2025\\\/06\\\/Logo_verde_1_1.png\",\"contentUrl\":\"https:\\\/\\\/www.interpadelmedia.com\\\/wp-content\\\/uploads\\\/2025\\\/06\\\/Logo_verde_1_1.png\",\"width\":250,\"height\":250,\"caption\":\"Asociaci\u00f3n Internacional de Medios de P\u00e1del\"},\"image\":{\"@id\":\"https:\\\/\\\/www.interpadelmedia.com\\\/en\\\/#\\\/schema\\\/logo\\\/image\\\/\"},\"sameAs\":[\"https:\\\/\\\/www.facebook.com\\\/profile.php?id=61564675752871\",\"https:\\\/\\\/x.com\\\/InterPadelMedia\",\"https:\\\/\\\/www.instagram.com\\\/interpadelmedia\\\/\",\"https:\\\/\\\/www.linkedin.com\\\/company\\\/asociacion-internacional-de-medios-de-padel\\\/posts\\\/?feedView=all\"]}]}<\/script>\n<!-- \/ Yoast SEO plugin. -->","yoast_head_json":{"title":"Who we are - International Padel Media Association","description":"We join voices to tell the world about padel. Discover the origin, mission and team behind the International Padel Media Association.","robots":{"index":"index","follow":"follow","max-snippet":"max-snippet:-1","max-image-preview":"max-image-preview:large","max-video-preview":"max-video-preview:-1"},"canonical":"https:\/\/www.interpadelmedia.com\/en\/who-we-are\/","og_locale":"en_US","og_type":"article","og_title":"Who we are - International Padel Media Association","og_description":"We join voices to tell the world about padel. Discover the origin, mission and team behind the International Padel Media Association.","og_url":"https:\/\/www.interpadelmedia.com\/en\/who-we-are\/","og_site_name":"International Padel Media Association (IPMA)","article_publisher":"https:\/\/www.facebook.com\/profile.php?id=61564675752871","article_modified_time":"2025-12-03T23:53:36+00:00","og_image":[{"url":"https:\/\/www.interpadelmedia.com\/wp-content\/uploads\/2025\/06\/Open_Graph_verde-1024x538.png","type":"","width":"","height":""}],"twitter_card":"summary_large_image","twitter_title":"Who we are - International Padel Media Association","twitter_description":"We join voices to tell the world about padel. Discover the origin, mission and team behind the International Padel Media Association.","twitter_image":"https:\/\/www.interpadelmedia.com\/wp-content\/uploads\/2025\/06\/Open_Graph_verde-1024x538.png","twitter_site":"@InterPadelMedia","twitter_misc":{"Est. reading time":"1 minute"},"schema":{"@context":"https:\/\/schema.org","@graph":[{"@type":"WebPage","@id":"https:\/\/www.interpadelmedia.com\/en\/who-we-are\/","url":"https:\/\/www.interpadelmedia.com\/en\/who-we-are\/","name":"Who we are - International Padel Media Association","isPartOf":{"@id":"https:\/\/www.interpadelmedia.com\/en\/#website"},"primaryImageOfPage":{"@id":"https:\/\/www.interpadelmedia.com\/en\/who-we-are\/#primaryimage"},"image":{"@id":"https:\/\/www.interpadelmedia.com\/en\/who-we-are\/#primaryimage"},"thumbnailUrl":"https:\/\/www.interpadelmedia.com\/wp-content\/uploads\/2025\/06\/Open_Graph_verde.png","datePublished":"2025-06-21T15:27:09+00:00","dateModified":"2025-12-03T23:53:36+00:00","description":"We join voices to tell the world about padel. Discover the origin, mission and team behind the International Padel Media Association.","breadcrumb":{"@id":"https:\/\/www.interpadelmedia.com\/en\/who-we-are\/#breadcrumb"},"inLanguage":"en-US","potentialAction":[{"@type":"ReadAction","target":["https:\/\/www.interpadelmedia.com\/en\/who-we-are\/"]}]},{"@type":"ImageObject","inLanguage":"en-US","@id":"https:\/\/www.interpadelmedia.com\/en\/who-we-are\/#primaryimage","url":"https:\/\/www.interpadelmedia.com\/wp-content\/uploads\/2025\/06\/Open_Graph_verde.png","contentUrl":"https:\/\/www.interpadelmedia.com\/wp-content\/uploads\/2025\/06\/Open_Graph_verde.png","width":1200,"height":630},{"@type":"BreadcrumbList","@id":"https:\/\/www.interpadelmedia.com\/en\/who-we-are\/#breadcrumb","itemListElement":[{"@type":"ListItem","position":1,"name":"Portada","item":"https:\/\/www.interpadelmedia.com\/en\/"},{"@type":"ListItem","position":2,"name":"Who we are"}]},{"@type":"WebSite","@id":"https:\/\/www.interpadelmedia.com\/en\/#website","url":"https:\/\/www.interpadelmedia.com\/en\/","name":"Asociaci\u00f3n Internacional de Medios de P\u00e1del","description":"El p\u00e1del une","publisher":{"@id":"https:\/\/www.interpadelmedia.com\/en\/#organization"},"alternateName":"International Padel Media Association","potentialAction":[{"@type":"SearchAction","target":{"@type":"EntryPoint","urlTemplate":"https:\/\/www.interpadelmedia.com\/en\/?s={search_term_string}"},"query-input":{"@type":"PropertyValueSpecification","valueRequired":true,"valueName":"search_term_string"}}],"inLanguage":"en-US"},{"@type":"Organization","@id":"https:\/\/www.interpadelmedia.com\/en\/#organization","name":"Asociaci\u00f3n Internacional de Medios de P\u00e1del","alternateName":"International Padel Media Association","url":"https:\/\/www.interpadelmedia.com\/en\/","logo":{"@type":"ImageObject","inLanguage":"en-US","@id":"https:\/\/www.interpadelmedia.com\/en\/#\/schema\/logo\/image\/","url":"https:\/\/www.interpadelmedia.com\/wp-content\/uploads\/2025\/06\/Logo_verde_1_1.png","contentUrl":"https:\/\/www.interpadelmedia.com\/wp-content\/uploads\/2025\/06\/Logo_verde_1_1.png","width":250,"height":250,"caption":"Asociaci\u00f3n Internacional de Medios de P\u00e1del"},"image":{"@id":"https:\/\/www.interpadelmedia.com\/en\/#\/schema\/logo\/image\/"},"sameAs":["https:\/\/www.facebook.com\/profile.php?id=61564675752871","https:\/\/x.com\/InterPadelMedia","https:\/\/www.instagram.com\/interpadelmedia\/","https:\/\/www.linkedin.com\/company\/asociacion-internacional-de-medios-de-padel\/posts\/?feedView=all"]}]}},"_links":{"self":[{"href":"https:\/\/www.interpadelmedia.com\/en\/wp-json\/wp\/v2\/pages\/2242","targetHints":{"allow":["GET"]}}],"collection":[{"href":"https:\/\/www.interpadelmedia.com\/en\/wp-json\/wp\/v2\/pages"}],"about":[{"href":"https:\/\/www.interpadelmedia.com\/en\/wp-json\/wp\/v2\/types\/page"}],"author":[{"embeddable":true,"href":"https:\/\/www.interpadelmedia.com\/en\/wp-json\/wp\/v2\/users\/1"}],"replies":[{"embeddable":true,"href":"https:\/\/www.interpadelmedia.com\/en\/wp-json\/wp\/v2\/comments?post=2242"}],"version-history":[{"count":3,"href":"https:\/\/www.interpadelmedia.com\/en\/wp-json\/wp\/v2\/pages\/2242\/revisions"}],"predecessor-version":[{"id":2247,"href":"https:\/\/www.interpadelmedia.com\/en\/wp-json\/wp\/v2\/pages\/2242\/revisions\/2247"}],"wp:featuredmedia":[{"embeddable":true,"href":"https:\/\/www.interpadelmedia.com\/en\/wp-json\/wp\/v2\/media\/2209"}],"wp:attachment":[{"href":"https:\/\/www.interpadelmedia.com\/en\/wp-json\/wp\/v2\/media?parent=2242"}],"curies":[{"name":"wp","href":"https:\/\/api.w.org\/{rel}","templated":true}]}}