{"id":2240,"date":"2025-06-22T11:29:56","date_gmt":"2025-06-22T09:29:56","guid":{"rendered":"https:\/\/www.interpadelmedia.com\/agreements\/"},"modified":"2025-12-04T01:34:46","modified_gmt":"2025-12-04T00:34:46","slug":"agreements","status":"publish","type":"page","link":"https:\/\/www.interpadelmedia.com\/en\/agreements\/","title":{"rendered":"Agreements"},"content":{"rendered":"\t\t<div data-elementor-type=\"wp-page\" data-elementor-id=\"2240\" class=\"elementor elementor-2240 elementor-616\">\n\t\t\t\t<div class=\"elementor-element elementor-element-4fa8978a e-flex e-con-boxed e-con e-parent\" data-id=\"4fa8978a\" data-element_type=\"container\" data-e-type=\"container\">\n\t\t\t\t\t<div class=\"e-con-inner\">\n\t\t\t\t<div class=\"elementor-element elementor-element-4ff85247 elementor-widget elementor-widget-heading\" data-id=\"4ff85247\" data-element_type=\"widget\" data-e-type=\"widget\" data-settings=\"{&quot;htmega_fe&quot;:&quot;no&quot;}\" data-widget_type=\"heading.default\">\n\t\t\t\t<div class=\"elementor-widget-container\">\n\t\t\t\t\t<h2 class=\"elementor-heading-title elementor-size-default\">Agreements<\/h2>\t\t\t\t<\/div>\n\t\t\t\t<\/div>\n\t\t\t\t\t<\/div>\n\t\t\t\t<\/div>\n\t\t<div class=\"elementor-element elementor-element-7245223 e-flex e-con-boxed e-con e-parent\" data-id=\"7245223\" data-element_type=\"container\" data-e-type=\"container\">\n\t\t\t\t\t<div class=\"e-con-inner\">\n\t\t\t\t<div class=\"elementor-element elementor-element-d66886e elementor-widget elementor-widget-contentviews_widget_grid1\" data-id=\"d66886e\" data-element_type=\"widget\" data-e-type=\"widget\" data-settings=\"{&quot;htmega_fe&quot;:&quot;no&quot;}\" data-widget_type=\"contentviews_widget_grid1.default\">\n\t\t\t\t<div class=\"elementor-widget-container\">\n\t\t\t\t\t<div class='pt-cv-wrapper'> <div class=\"pt-cv-view pt-cv-blockgrid iscvblock iscvelementor grid1 layout1 cveffect-zoomin\" id=\"pt-cv-view-d66886e\"><div data-id=\"pt-cv-page-1\" class=\"pt-cv-page\" data-cvc=\"2\"><div class=\" pt-cv-content-item pt-cv-1-col\" ><div class=\"pt-cv-thumb-wrapper  \"><a href=\"https:\/\/www.interpadelmedia.com\/en\/bonabola-signs-an-agreement-with-ipma-to-strengthen-its-visibility-in-the-padel-ecosystem\/\" class=\"_self pt-cv-href-thumbnail pt-cv-thumb-default\" target=\"_self\" ><img fetchpriority=\"high\" decoding=\"async\" width=\"800\" height=\"450\" src=\"https:\/\/www.interpadelmedia.com\/wp-content\/uploads\/2026\/04\/20260402_123141-2_red-1024x576.jpg\" class=\"pt-cv-thumbnail\" alt=\"Acuerdo Bonabola e IPMA\" srcset=\"https:\/\/www.interpadelmedia.com\/wp-content\/uploads\/2026\/04\/20260402_123141-2_red-1024x576.jpg 1024w, https:\/\/www.interpadelmedia.com\/wp-content\/uploads\/2026\/04\/20260402_123141-2_red-300x169.jpg 300w, https:\/\/www.interpadelmedia.com\/wp-content\/uploads\/2026\/04\/20260402_123141-2_red-768x432.jpg 768w, https:\/\/www.interpadelmedia.com\/wp-content\/uploads\/2026\/04\/20260402_123141-2_red.jpg 1500w\" sizes=\"(max-width: 800px) 100vw, 800px\" \/><\/a><\/div>\n<h4 class=\"pt-cv-title\"><a href=\"https:\/\/www.interpadelmedia.com\/en\/bonabola-signs-an-agreement-with-ipma-to-strengthen-its-visibility-in-the-padel-ecosystem\/\" class=\"_self\" target=\"_self\" >Bonabola signs an agreement with IPMA to strengthen its visibility in the padel ecosystem<\/a><\/h4><\/div>\n<div class=\" pt-cv-content-item pt-cv-1-col\" ><div class=\"pt-cv-thumb-wrapper  \"><a href=\"https:\/\/www.interpadelmedia.com\/en\/la-ipma-y-greenset-unen-fuerzas-para-impulsar-el-crecimiento-global-del-padel\/\" class=\"_self pt-cv-href-thumbnail pt-cv-thumb-default\" target=\"_self\" ><img decoding=\"async\" width=\"800\" height=\"600\" src=\"https:\/\/www.interpadelmedia.com\/wp-content\/uploads\/2025\/10\/Belen-Ivan-sentados-horiz-tamano-1024x768.jpg\" class=\"pt-cv-thumbnail\" alt=\"\" srcset=\"https:\/\/www.interpadelmedia.com\/wp-content\/uploads\/2025\/10\/Belen-Ivan-sentados-horiz-tamano-1024x768.jpg 1024w, https:\/\/www.interpadelmedia.com\/wp-content\/uploads\/2025\/10\/Belen-Ivan-sentados-horiz-tamano-300x225.jpg 300w, https:\/\/www.interpadelmedia.com\/wp-content\/uploads\/2025\/10\/Belen-Ivan-sentados-horiz-tamano-768x576.jpg 768w, https:\/\/www.interpadelmedia.com\/wp-content\/uploads\/2025\/10\/Belen-Ivan-sentados-horiz-tamano.jpg 1500w\" sizes=\"(max-width: 800px) 100vw, 800px\" \/><\/a><\/div>\n<h4 class=\"pt-cv-title\"><a href=\"https:\/\/www.interpadelmedia.com\/en\/la-ipma-y-greenset-unen-fuerzas-para-impulsar-el-crecimiento-global-del-padel\/\" class=\"_self\" target=\"_self\" >IPMA and greenset join forces to drive the global growth of padel<\/a><\/h4><\/div>\n<div class=\" pt-cv-content-item pt-cv-1-col\" ><div class=\"pt-cv-thumb-wrapper  \"><a href=\"https:\/\/www.interpadelmedia.com\/en\/la-ipma-suma-a-the-padel-travel-x-como-nuevo-colaborador-para-impulsar-la-cobertura-de-torneos\/\" class=\"_self pt-cv-href-thumbnail pt-cv-thumb-default\" target=\"_self\" ><img decoding=\"async\" width=\"800\" height=\"449\" src=\"https:\/\/www.interpadelmedia.com\/wp-content\/uploads\/2025\/07\/The-Padel-Travel-X_red-1024x575.jpg\" class=\"pt-cv-thumbnail\" alt=\"\" srcset=\"https:\/\/www.interpadelmedia.com\/wp-content\/uploads\/2025\/07\/The-Padel-Travel-X_red-1024x575.jpg 1024w, https:\/\/www.interpadelmedia.com\/wp-content\/uploads\/2025\/07\/The-Padel-Travel-X_red-300x169.jpg 300w, https:\/\/www.interpadelmedia.com\/wp-content\/uploads\/2025\/07\/The-Padel-Travel-X_red-768x432.jpg 768w, https:\/\/www.interpadelmedia.com\/wp-content\/uploads\/2025\/07\/The-Padel-Travel-X_red.jpg 1500w\" sizes=\"(max-width: 800px) 100vw, 800px\" \/><\/a><\/div>\n<h4 class=\"pt-cv-title\"><a href=\"https:\/\/www.interpadelmedia.com\/en\/la-ipma-suma-a-the-padel-travel-x-como-nuevo-colaborador-para-impulsar-la-cobertura-de-torneos\/\" class=\"_self\" target=\"_self\" >The IPMA adds The Padel Travel X as a new collaborator to promote tournament coverage<\/a><\/h4><\/div>\n<div class=\" pt-cv-content-item pt-cv-1-col\" ><div class=\"pt-cv-thumb-wrapper  \"><a href=\"https:\/\/www.interpadelmedia.com\/en\/la-federacion-de-padel-de-la-comunitat-valenciana-firma-un-acuerdo-con-la-asociacion-internacional-de-medios-de-padel\/\" class=\"_self pt-cv-href-thumbnail pt-cv-thumb-default\" target=\"_self\" ><img loading=\"lazy\" decoding=\"async\" width=\"800\" height=\"598\" src=\"https:\/\/www.interpadelmedia.com\/wp-content\/uploads\/2025\/06\/Firma-2_red-1024x765.jpg\" class=\"pt-cv-thumbnail\" alt=\"\" srcset=\"https:\/\/www.interpadelmedia.com\/wp-content\/uploads\/2025\/06\/Firma-2_red-1024x765.jpg 1024w, https:\/\/www.interpadelmedia.com\/wp-content\/uploads\/2025\/06\/Firma-2_red-300x224.jpg 300w, https:\/\/www.interpadelmedia.com\/wp-content\/uploads\/2025\/06\/Firma-2_red-768x573.jpg 768w, https:\/\/www.interpadelmedia.com\/wp-content\/uploads\/2025\/06\/Firma-2_red.jpg 1500w\" sizes=\"(max-width: 800px) 100vw, 800px\" \/><\/a><\/div>\n<h4 class=\"pt-cv-title\"><a href=\"https:\/\/www.interpadelmedia.com\/en\/la-federacion-de-padel-de-la-comunitat-valenciana-firma-un-acuerdo-con-la-asociacion-internacional-de-medios-de-padel\/\" class=\"_self\" target=\"_self\" >The Padel Federation of the Valencian Community signs an agreement with the International Padel Media Association<\/a><\/h4><\/div>\n<div class=\" pt-cv-content-item pt-cv-1-col\" ><div class=\"pt-cv-thumb-wrapper  \"><a href=\"https:\/\/www.interpadelmedia.com\/en\/hexagon-cup-and-the-international-padel-media-association-seal-a-strategic-alliance\/\" class=\"_self pt-cv-href-thumbnail pt-cv-thumb-default\" target=\"_self\" ><img loading=\"lazy\" decoding=\"async\" width=\"800\" height=\"600\" src=\"https:\/\/www.interpadelmedia.com\/wp-content\/uploads\/2025\/06\/Firma-acuerdo-IPMA-1024x768.jpeg\" class=\"pt-cv-thumbnail\" alt=\"\" srcset=\"https:\/\/www.interpadelmedia.com\/wp-content\/uploads\/2025\/06\/Firma-acuerdo-IPMA-1024x768.jpeg 1024w, https:\/\/www.interpadelmedia.com\/wp-content\/uploads\/2025\/06\/Firma-acuerdo-IPMA-300x225.jpeg 300w, https:\/\/www.interpadelmedia.com\/wp-content\/uploads\/2025\/06\/Firma-acuerdo-IPMA-768x576.jpeg 768w, https:\/\/www.interpadelmedia.com\/wp-content\/uploads\/2025\/06\/Firma-acuerdo-IPMA-1536x1152.jpeg 1536w, https:\/\/www.interpadelmedia.com\/wp-content\/uploads\/2025\/06\/Firma-acuerdo-IPMA.jpeg 2048w\" sizes=\"(max-width: 800px) 100vw, 800px\" \/><\/a><\/div>\n<h4 class=\"pt-cv-title\"><a href=\"https:\/\/www.interpadelmedia.com\/en\/hexagon-cup-and-the-international-padel-media-association-seal-a-strategic-alliance\/\" class=\"_self\" target=\"_self\" >Hexagon Cup and the International Padel Media Association seal a strategic alliance<\/a><\/h4><\/div><\/div><\/div> <\/div> \t\t\t\t<\/div>\n\t\t\t\t<\/div>\n\t\t\t\t\t<\/div>\n\t\t\t\t<\/div>\n\t\t\t\t<\/div>\n\t\t","protected":false},"excerpt":{"rendered":"<p>Agreements No se han encontrado entradas.<\/p>\n","protected":false},"author":1,"featured_media":2209,"parent":0,"menu_order":0,"comment_status":"closed","ping_status":"closed","template":"","meta":{"footnotes":""},"class_list":["post-2240","page","type-page","status-publish","has-post-thumbnail","hentry"],"yoast_head":"<!-- This site is optimized with the Yoast SEO plugin v27.5 - https:\/\/yoast.com\/product\/yoast-seo-wordpress\/ -->\n<title>International Padel Media Association Agreements<\/title>\n<meta name=\"description\" content=\"Learn about the agreements that strengthen the global network of padel media. Strategic collaborations with entities in the sector.\" \/>\n<meta name=\"robots\" content=\"index, follow, max-snippet:-1, max-image-preview:large, max-video-preview:-1\" \/>\n<link rel=\"canonical\" href=\"https:\/\/www.interpadelmedia.com\/en\/agreements\/\" \/>\n<meta property=\"og:locale\" content=\"en_US\" \/>\n<meta property=\"og:type\" content=\"article\" \/>\n<meta property=\"og:title\" content=\"International Padel Media Association Agreements\" \/>\n<meta property=\"og:description\" content=\"Learn about the agreements that strengthen the global network of padel media. Strategic collaborations with entities in the sector.\" \/>\n<meta property=\"og:url\" content=\"https:\/\/www.interpadelmedia.com\/en\/agreements\/\" \/>\n<meta property=\"og:site_name\" content=\"International Padel Media Association (IPMA)\" \/>\n<meta property=\"article:publisher\" content=\"https:\/\/www.facebook.com\/profile.php?id=61564675752871\" \/>\n<meta property=\"article:modified_time\" content=\"2025-12-04T00:34:46+00:00\" \/>\n<meta property=\"og:image\" content=\"https:\/\/www.interpadelmedia.com\/wp-content\/uploads\/2025\/06\/Open_Graph_verde-1024x538.png\" \/>\n<meta name=\"twitter:card\" content=\"summary_large_image\" \/>\n<meta name=\"twitter:title\" content=\"International Padel Media Association Agreements\" \/>\n<meta name=\"twitter:description\" content=\"Learn about the agreements that strengthen the global network of padel media. Strategic collaborations with entities in the sector.\" \/>\n<meta name=\"twitter:image\" content=\"https:\/\/www.interpadelmedia.com\/wp-content\/uploads\/2025\/06\/Open_Graph_verde-1024x538.png\" \/>\n<meta name=\"twitter:site\" content=\"@InterPadelMedia\" \/>\n<meta name=\"twitter:label1\" content=\"Est. reading time\" \/>\n\t<meta name=\"twitter:data1\" content=\"1 minute\" \/>\n<script type=\"application\/ld+json\" class=\"yoast-schema-graph\">{\"@context\":\"https:\\\/\\\/schema.org\",\"@graph\":[{\"@type\":\"WebPage\",\"@id\":\"https:\\\/\\\/www.interpadelmedia.com\\\/en\\\/agreements\\\/\",\"url\":\"https:\\\/\\\/www.interpadelmedia.com\\\/en\\\/agreements\\\/\",\"name\":\"International Padel Media Association Agreements\",\"isPartOf\":{\"@id\":\"https:\\\/\\\/www.interpadelmedia.com\\\/en\\\/#website\"},\"primaryImageOfPage\":{\"@id\":\"https:\\\/\\\/www.interpadelmedia.com\\\/en\\\/agreements\\\/#primaryimage\"},\"image\":{\"@id\":\"https:\\\/\\\/www.interpadelmedia.com\\\/en\\\/agreements\\\/#primaryimage\"},\"thumbnailUrl\":\"https:\\\/\\\/www.interpadelmedia.com\\\/wp-content\\\/uploads\\\/2025\\\/06\\\/Open_Graph_verde.png\",\"datePublished\":\"2025-06-22T09:29:56+00:00\",\"dateModified\":\"2025-12-04T00:34:46+00:00\",\"description\":\"Learn about the agreements that strengthen the global network of padel media. Strategic collaborations with entities in the sector.\",\"breadcrumb\":{\"@id\":\"https:\\\/\\\/www.interpadelmedia.com\\\/en\\\/agreements\\\/#breadcrumb\"},\"inLanguage\":\"en-US\",\"potentialAction\":[{\"@type\":\"ReadAction\",\"target\":[\"https:\\\/\\\/www.interpadelmedia.com\\\/en\\\/agreements\\\/\"]}]},{\"@type\":\"ImageObject\",\"inLanguage\":\"en-US\",\"@id\":\"https:\\\/\\\/www.interpadelmedia.com\\\/en\\\/agreements\\\/#primaryimage\",\"url\":\"https:\\\/\\\/www.interpadelmedia.com\\\/wp-content\\\/uploads\\\/2025\\\/06\\\/Open_Graph_verde.png\",\"contentUrl\":\"https:\\\/\\\/www.interpadelmedia.com\\\/wp-content\\\/uploads\\\/2025\\\/06\\\/Open_Graph_verde.png\",\"width\":1200,\"height\":630},{\"@type\":\"BreadcrumbList\",\"@id\":\"https:\\\/\\\/www.interpadelmedia.com\\\/en\\\/agreements\\\/#breadcrumb\",\"itemListElement\":[{\"@type\":\"ListItem\",\"position\":1,\"name\":\"Portada\",\"item\":\"https:\\\/\\\/www.interpadelmedia.com\\\/en\\\/\"},{\"@type\":\"ListItem\",\"position\":2,\"name\":\"Agreements\"}]},{\"@type\":\"WebSite\",\"@id\":\"https:\\\/\\\/www.interpadelmedia.com\\\/en\\\/#website\",\"url\":\"https:\\\/\\\/www.interpadelmedia.com\\\/en\\\/\",\"name\":\"Asociaci\u00f3n Internacional de Medios de P\u00e1del\",\"description\":\"El p\u00e1del une\",\"publisher\":{\"@id\":\"https:\\\/\\\/www.interpadelmedia.com\\\/en\\\/#organization\"},\"alternateName\":\"International Padel Media Association\",\"potentialAction\":[{\"@type\":\"SearchAction\",\"target\":{\"@type\":\"EntryPoint\",\"urlTemplate\":\"https:\\\/\\\/www.interpadelmedia.com\\\/en\\\/?s={search_term_string}\"},\"query-input\":{\"@type\":\"PropertyValueSpecification\",\"valueRequired\":true,\"valueName\":\"search_term_string\"}}],\"inLanguage\":\"en-US\"},{\"@type\":\"Organization\",\"@id\":\"https:\\\/\\\/www.interpadelmedia.com\\\/en\\\/#organization\",\"name\":\"Asociaci\u00f3n Internacional de Medios de P\u00e1del\",\"alternateName\":\"International Padel Media Association\",\"url\":\"https:\\\/\\\/www.interpadelmedia.com\\\/en\\\/\",\"logo\":{\"@type\":\"ImageObject\",\"inLanguage\":\"en-US\",\"@id\":\"https:\\\/\\\/www.interpadelmedia.com\\\/en\\\/#\\\/schema\\\/logo\\\/image\\\/\",\"url\":\"https:\\\/\\\/www.interpadelmedia.com\\\/wp-content\\\/uploads\\\/2025\\\/06\\\/Logo_verde_1_1.png\",\"contentUrl\":\"https:\\\/\\\/www.interpadelmedia.com\\\/wp-content\\\/uploads\\\/2025\\\/06\\\/Logo_verde_1_1.png\",\"width\":250,\"height\":250,\"caption\":\"Asociaci\u00f3n Internacional de Medios de P\u00e1del\"},\"image\":{\"@id\":\"https:\\\/\\\/www.interpadelmedia.com\\\/en\\\/#\\\/schema\\\/logo\\\/image\\\/\"},\"sameAs\":[\"https:\\\/\\\/www.facebook.com\\\/profile.php?id=61564675752871\",\"https:\\\/\\\/x.com\\\/InterPadelMedia\",\"https:\\\/\\\/www.instagram.com\\\/interpadelmedia\\\/\",\"https:\\\/\\\/www.linkedin.com\\\/company\\\/asociacion-internacional-de-medios-de-padel\\\/posts\\\/?feedView=all\"]}]}<\/script>\n<!-- \/ Yoast SEO plugin. -->","yoast_head_json":{"title":"International Padel Media Association Agreements","description":"Learn about the agreements that strengthen the global network of padel media. Strategic collaborations with entities in the sector.","robots":{"index":"index","follow":"follow","max-snippet":"max-snippet:-1","max-image-preview":"max-image-preview:large","max-video-preview":"max-video-preview:-1"},"canonical":"https:\/\/www.interpadelmedia.com\/en\/agreements\/","og_locale":"en_US","og_type":"article","og_title":"International Padel Media Association Agreements","og_description":"Learn about the agreements that strengthen the global network of padel media. Strategic collaborations with entities in the sector.","og_url":"https:\/\/www.interpadelmedia.com\/en\/agreements\/","og_site_name":"International Padel Media Association (IPMA)","article_publisher":"https:\/\/www.facebook.com\/profile.php?id=61564675752871","article_modified_time":"2025-12-04T00:34:46+00:00","og_image":[{"url":"https:\/\/www.interpadelmedia.com\/wp-content\/uploads\/2025\/06\/Open_Graph_verde-1024x538.png","type":"","width":"","height":""}],"twitter_card":"summary_large_image","twitter_title":"International Padel Media Association Agreements","twitter_description":"Learn about the agreements that strengthen the global network of padel media. Strategic collaborations with entities in the sector.","twitter_image":"https:\/\/www.interpadelmedia.com\/wp-content\/uploads\/2025\/06\/Open_Graph_verde-1024x538.png","twitter_site":"@InterPadelMedia","twitter_misc":{"Est. reading time":"1 minute"},"schema":{"@context":"https:\/\/schema.org","@graph":[{"@type":"WebPage","@id":"https:\/\/www.interpadelmedia.com\/en\/agreements\/","url":"https:\/\/www.interpadelmedia.com\/en\/agreements\/","name":"International Padel Media Association Agreements","isPartOf":{"@id":"https:\/\/www.interpadelmedia.com\/en\/#website"},"primaryImageOfPage":{"@id":"https:\/\/www.interpadelmedia.com\/en\/agreements\/#primaryimage"},"image":{"@id":"https:\/\/www.interpadelmedia.com\/en\/agreements\/#primaryimage"},"thumbnailUrl":"https:\/\/www.interpadelmedia.com\/wp-content\/uploads\/2025\/06\/Open_Graph_verde.png","datePublished":"2025-06-22T09:29:56+00:00","dateModified":"2025-12-04T00:34:46+00:00","description":"Learn about the agreements that strengthen the global network of padel media. Strategic collaborations with entities in the sector.","breadcrumb":{"@id":"https:\/\/www.interpadelmedia.com\/en\/agreements\/#breadcrumb"},"inLanguage":"en-US","potentialAction":[{"@type":"ReadAction","target":["https:\/\/www.interpadelmedia.com\/en\/agreements\/"]}]},{"@type":"ImageObject","inLanguage":"en-US","@id":"https:\/\/www.interpadelmedia.com\/en\/agreements\/#primaryimage","url":"https:\/\/www.interpadelmedia.com\/wp-content\/uploads\/2025\/06\/Open_Graph_verde.png","contentUrl":"https:\/\/www.interpadelmedia.com\/wp-content\/uploads\/2025\/06\/Open_Graph_verde.png","width":1200,"height":630},{"@type":"BreadcrumbList","@id":"https:\/\/www.interpadelmedia.com\/en\/agreements\/#breadcrumb","itemListElement":[{"@type":"ListItem","position":1,"name":"Portada","item":"https:\/\/www.interpadelmedia.com\/en\/"},{"@type":"ListItem","position":2,"name":"Agreements"}]},{"@type":"WebSite","@id":"https:\/\/www.interpadelmedia.com\/en\/#website","url":"https:\/\/www.interpadelmedia.com\/en\/","name":"Asociaci\u00f3n Internacional de Medios de P\u00e1del","description":"El p\u00e1del une","publisher":{"@id":"https:\/\/www.interpadelmedia.com\/en\/#organization"},"alternateName":"International Padel Media Association","potentialAction":[{"@type":"SearchAction","target":{"@type":"EntryPoint","urlTemplate":"https:\/\/www.interpadelmedia.com\/en\/?s={search_term_string}"},"query-input":{"@type":"PropertyValueSpecification","valueRequired":true,"valueName":"search_term_string"}}],"inLanguage":"en-US"},{"@type":"Organization","@id":"https:\/\/www.interpadelmedia.com\/en\/#organization","name":"Asociaci\u00f3n Internacional de Medios de P\u00e1del","alternateName":"International Padel Media Association","url":"https:\/\/www.interpadelmedia.com\/en\/","logo":{"@type":"ImageObject","inLanguage":"en-US","@id":"https:\/\/www.interpadelmedia.com\/en\/#\/schema\/logo\/image\/","url":"https:\/\/www.interpadelmedia.com\/wp-content\/uploads\/2025\/06\/Logo_verde_1_1.png","contentUrl":"https:\/\/www.interpadelmedia.com\/wp-content\/uploads\/2025\/06\/Logo_verde_1_1.png","width":250,"height":250,"caption":"Asociaci\u00f3n Internacional de Medios de P\u00e1del"},"image":{"@id":"https:\/\/www.interpadelmedia.com\/en\/#\/schema\/logo\/image\/"},"sameAs":["https:\/\/www.facebook.com\/profile.php?id=61564675752871","https:\/\/x.com\/InterPadelMedia","https:\/\/www.instagram.com\/interpadelmedia\/","https:\/\/www.linkedin.com\/company\/asociacion-internacional-de-medios-de-padel\/posts\/?feedView=all"]}]}},"_links":{"self":[{"href":"https:\/\/www.interpadelmedia.com\/en\/wp-json\/wp\/v2\/pages\/2240","targetHints":{"allow":["GET"]}}],"collection":[{"href":"https:\/\/www.interpadelmedia.com\/en\/wp-json\/wp\/v2\/pages"}],"about":[{"href":"https:\/\/www.interpadelmedia.com\/en\/wp-json\/wp\/v2\/types\/page"}],"author":[{"embeddable":true,"href":"https:\/\/www.interpadelmedia.com\/en\/wp-json\/wp\/v2\/users\/1"}],"replies":[{"embeddable":true,"href":"https:\/\/www.interpadelmedia.com\/en\/wp-json\/wp\/v2\/comments?post=2240"}],"version-history":[{"count":6,"href":"https:\/\/www.interpadelmedia.com\/en\/wp-json\/wp\/v2\/pages\/2240\/revisions"}],"predecessor-version":[{"id":2276,"href":"https:\/\/www.interpadelmedia.com\/en\/wp-json\/wp\/v2\/pages\/2240\/revisions\/2276"}],"wp:featuredmedia":[{"embeddable":true,"href":"https:\/\/www.interpadelmedia.com\/en\/wp-json\/wp\/v2\/media\/2209"}],"wp:attachment":[{"href":"https:\/\/www.interpadelmedia.com\/en\/wp-json\/wp\/v2\/media?parent=2240"}],"curies":[{"name":"wp","href":"https:\/\/api.w.org\/{rel}","templated":true}]}}