{"id":2214,"date":"2025-06-21T18:01:08","date_gmt":"2025-06-21T16:01:08","guid":{"rendered":"https:\/\/www.interpadelmedia.com\/organization-chart\/"},"modified":"2025-12-04T00:53:27","modified_gmt":"2025-12-03T23:53:27","slug":"organization-chart","status":"publish","type":"page","link":"https:\/\/www.interpadelmedia.com\/en\/organization-chart\/","title":{"rendered":"Organization chart"},"content":{"rendered":"\t\t<div data-elementor-type=\"wp-page\" data-elementor-id=\"2214\" class=\"elementor elementor-2214 elementor-504\">\n\t\t\t\t<div class=\"elementor-element elementor-element-81529fd e-flex e-con-boxed e-con e-parent\" data-id=\"81529fd\" data-element_type=\"container\" data-e-type=\"container\">\n\t\t\t\t\t<div class=\"e-con-inner\">\n\t\t\t\t<div class=\"elementor-element elementor-element-a837234 elementor-widget elementor-widget-heading\" data-id=\"a837234\" data-element_type=\"widget\" data-e-type=\"widget\" data-settings=\"{&quot;htmega_fe&quot;:&quot;no&quot;}\" data-widget_type=\"heading.default\">\n\t\t\t\t<div class=\"elementor-widget-container\">\n\t\t\t\t\t<h2 class=\"elementor-heading-title elementor-size-default\">Organization chart<\/h2>\t\t\t\t<\/div>\n\t\t\t\t<\/div>\n\t\t\t\t\t<\/div>\n\t\t\t\t<\/div>\n\t\t<div class=\"elementor-element elementor-element-c472123 e-flex e-con-boxed e-con e-parent\" data-id=\"c472123\" data-element_type=\"container\" data-e-type=\"container\">\n\t\t\t\t\t<div class=\"e-con-inner\">\n\t\t<div class=\"elementor-element elementor-element-38c72e9 e-con-full e-flex e-con e-child\" data-id=\"38c72e9\" data-element_type=\"container\" data-e-type=\"container\">\n\t\t\t\t<div class=\"elementor-element elementor-element-5f92e01 elementor-widget elementor-widget-image\" data-id=\"5f92e01\" data-element_type=\"widget\" data-e-type=\"widget\" data-settings=\"{&quot;htmega_fe&quot;:&quot;no&quot;}\" data-widget_type=\"image.default\">\n\t\t\t\t<div class=\"elementor-widget-container\">\n\t\t\t\t\t\t\t\t\t\t\t\t\t\t\t<img fetchpriority=\"high\" decoding=\"async\" width=\"944\" height=\"944\" src=\"https:\/\/www.interpadelmedia.com\/wp-content\/uploads\/2025\/06\/Ivan-1-e1750523486225.jpeg\" class=\"attachment-full size-full wp-image-2218\" alt=\"\" srcset=\"https:\/\/www.interpadelmedia.com\/wp-content\/uploads\/2025\/06\/Ivan-1-e1750523486225.jpeg 944w, https:\/\/www.interpadelmedia.com\/wp-content\/uploads\/2025\/06\/Ivan-1-e1750523486225-300x300.jpeg 300w, https:\/\/www.interpadelmedia.com\/wp-content\/uploads\/2025\/06\/Ivan-1-e1750523486225-150x150.jpeg 150w, https:\/\/www.interpadelmedia.com\/wp-content\/uploads\/2025\/06\/Ivan-1-e1750523486225-768x768.jpeg 768w\" sizes=\"(max-width: 944px) 100vw, 944px\" \/>\t\t\t\t\t\t\t\t\t\t\t\t\t\t\t<\/div>\n\t\t\t\t<\/div>\n\t\t\t\t<div class=\"elementor-element elementor-element-9dc3a0f elementor-widget elementor-widget-heading\" data-id=\"9dc3a0f\" data-element_type=\"widget\" data-e-type=\"widget\" data-settings=\"{&quot;htmega_fe&quot;:&quot;no&quot;}\" data-widget_type=\"heading.default\">\n\t\t\t\t<div class=\"elementor-widget-container\">\n\t\t\t\t\t<h3 class=\"elementor-heading-title elementor-size-default\">Iv\u00e1n Hern\u00e1ndez Mart\u00edn<\/h3>\t\t\t\t<\/div>\n\t\t\t\t<\/div>\n\t\t\t\t<div class=\"elementor-element elementor-element-ef01c0d elementor-widget elementor-widget-heading\" data-id=\"ef01c0d\" data-element_type=\"widget\" data-e-type=\"widget\" data-settings=\"{&quot;htmega_fe&quot;:&quot;no&quot;}\" data-widget_type=\"heading.default\">\n\t\t\t\t<div class=\"elementor-widget-container\">\n\t\t\t\t\t<h2 class=\"elementor-heading-title elementor-size-default\">President<\/h2>\t\t\t\t<\/div>\n\t\t\t\t<\/div>\n\t\t\t\t<div class=\"elementor-element elementor-element-69e94e1 elementor-widget elementor-widget-heading\" data-id=\"69e94e1\" data-element_type=\"widget\" data-e-type=\"widget\" data-settings=\"{&quot;htmega_fe&quot;:&quot;no&quot;}\" data-widget_type=\"heading.default\">\n\t\t\t\t<div class=\"elementor-widget-container\">\n\t\t\t\t\t<h2 class=\"elementor-heading-title elementor-size-default\"><a href=\"mailto:presidencia@interpadelmedia.com\">presidencia@interpadelmedia.com<\/a><\/h2>\t\t\t\t<\/div>\n\t\t\t\t<\/div>\n\t\t\t\t<\/div>\n\t\t<div class=\"elementor-element elementor-element-cf45147 e-con-full e-flex e-con e-child\" data-id=\"cf45147\" data-element_type=\"container\" data-e-type=\"container\">\n\t\t<div class=\"elementor-element elementor-element-fe5342a e-con-full e-flex e-con e-child\" data-id=\"fe5342a\" data-element_type=\"container\" data-e-type=\"container\">\n\t\t<div class=\"elementor-element elementor-element-2e36c97 e-con-full e-flex e-con e-child\" data-id=\"2e36c97\" data-element_type=\"container\" data-e-type=\"container\">\n\t\t\t\t<div class=\"elementor-element elementor-element-38b5ba4 elementor-widget elementor-widget-image\" data-id=\"38b5ba4\" data-element_type=\"widget\" data-e-type=\"widget\" data-settings=\"{&quot;htmega_fe&quot;:&quot;no&quot;}\" data-widget_type=\"image.default\">\n\t\t\t\t<div class=\"elementor-widget-container\">\n\t\t\t\t\t\t\t\t\t\t\t\t\t\t\t<img decoding=\"async\" width=\"257\" height=\"257\" src=\"https:\/\/www.interpadelmedia.com\/wp-content\/uploads\/2025\/06\/Alvaro-e1750523430184.jpg\" class=\"attachment-full size-full wp-image-2215\" alt=\"\" srcset=\"https:\/\/www.interpadelmedia.com\/wp-content\/uploads\/2025\/06\/Alvaro-e1750523430184.jpg 257w, https:\/\/www.interpadelmedia.com\/wp-content\/uploads\/2025\/06\/Alvaro-e1750523430184-150x150.jpg 150w\" sizes=\"(max-width: 257px) 100vw, 257px\" \/>\t\t\t\t\t\t\t\t\t\t\t\t\t\t\t<\/div>\n\t\t\t\t<\/div>\n\t\t\t\t<\/div>\n\t\t<div class=\"elementor-element elementor-element-1ced482 e-con-full e-flex e-con e-child\" data-id=\"1ced482\" data-element_type=\"container\" data-e-type=\"container\">\n\t\t\t\t<div class=\"elementor-element elementor-element-fcfba5c elementor-widget elementor-widget-heading\" data-id=\"fcfba5c\" data-element_type=\"widget\" data-e-type=\"widget\" data-settings=\"{&quot;htmega_fe&quot;:&quot;no&quot;}\" data-widget_type=\"heading.default\">\n\t\t\t\t<div class=\"elementor-widget-container\">\n\t\t\t\t\t<h3 class=\"elementor-heading-title elementor-size-default\">\u00c1lvaro L\u00f3pez Belinch\u00f3n<\/h3>\t\t\t\t<\/div>\n\t\t\t\t<\/div>\n\t\t\t\t<div class=\"elementor-element elementor-element-2ea3af4 elementor-widget elementor-widget-heading\" data-id=\"2ea3af4\" data-element_type=\"widget\" data-e-type=\"widget\" data-settings=\"{&quot;htmega_fe&quot;:&quot;no&quot;}\" data-widget_type=\"heading.default\">\n\t\t\t\t<div class=\"elementor-widget-container\">\n\t\t\t\t\t<h2 class=\"elementor-heading-title elementor-size-default\">Vice-president<\/h2>\t\t\t\t<\/div>\n\t\t\t\t<\/div>\n\t\t\t\t<\/div>\n\t\t\t\t<\/div>\n\t\t<div class=\"elementor-element elementor-element-59b204c e-con-full e-flex e-con e-child\" data-id=\"59b204c\" data-element_type=\"container\" data-e-type=\"container\">\n\t\t<div class=\"elementor-element elementor-element-ba64817 e-con-full e-flex e-con e-child\" data-id=\"ba64817\" data-element_type=\"container\" data-e-type=\"container\">\n\t\t\t\t<div class=\"elementor-element elementor-element-450f894 elementor-widget elementor-widget-image\" data-id=\"450f894\" data-element_type=\"widget\" data-e-type=\"widget\" data-settings=\"{&quot;htmega_fe&quot;:&quot;no&quot;}\" data-widget_type=\"image.default\">\n\t\t\t\t<div class=\"elementor-widget-container\">\n\t\t\t\t\t\t\t\t\t\t\t\t\t\t\t<img decoding=\"async\" width=\"255\" height=\"255\" src=\"https:\/\/www.interpadelmedia.com\/wp-content\/uploads\/2025\/06\/Miguel.jpg\" class=\"attachment-full size-full wp-image-2216\" alt=\"\" srcset=\"https:\/\/www.interpadelmedia.com\/wp-content\/uploads\/2025\/06\/Miguel.jpg 255w, https:\/\/www.interpadelmedia.com\/wp-content\/uploads\/2025\/06\/Miguel-150x150.jpg 150w\" sizes=\"(max-width: 255px) 100vw, 255px\" \/>\t\t\t\t\t\t\t\t\t\t\t\t\t\t\t<\/div>\n\t\t\t\t<\/div>\n\t\t\t\t<\/div>\n\t\t<div class=\"elementor-element elementor-element-187a53c e-con-full e-flex e-con e-child\" data-id=\"187a53c\" data-element_type=\"container\" data-e-type=\"container\">\n\t\t\t\t<div class=\"elementor-element elementor-element-247ee8f elementor-widget elementor-widget-heading\" data-id=\"247ee8f\" data-element_type=\"widget\" data-e-type=\"widget\" data-settings=\"{&quot;htmega_fe&quot;:&quot;no&quot;}\" data-widget_type=\"heading.default\">\n\t\t\t\t<div class=\"elementor-widget-container\">\n\t\t\t\t\t<h3 class=\"elementor-heading-title elementor-size-default\">Miguel Sanmart\u00edn<\/h3>\t\t\t\t<\/div>\n\t\t\t\t<\/div>\n\t\t\t\t<div class=\"elementor-element elementor-element-8acccd6 elementor-widget elementor-widget-heading\" data-id=\"8acccd6\" data-element_type=\"widget\" data-e-type=\"widget\" data-settings=\"{&quot;htmega_fe&quot;:&quot;no&quot;}\" data-widget_type=\"heading.default\">\n\t\t\t\t<div class=\"elementor-widget-container\">\n\t\t\t\t\t<h2 class=\"elementor-heading-title elementor-size-default\">Secretary<\/h2>\t\t\t\t<\/div>\n\t\t\t\t<\/div>\n\t\t\t\t<\/div>\n\t\t\t\t<\/div>\n\t\t<div class=\"elementor-element elementor-element-6a21b04 e-con-full e-flex e-con e-child\" data-id=\"6a21b04\" data-element_type=\"container\" data-e-type=\"container\">\n\t\t<div class=\"elementor-element elementor-element-2cb8fd0 e-con-full e-flex e-con e-child\" data-id=\"2cb8fd0\" data-element_type=\"container\" data-e-type=\"container\">\n\t\t\t\t<div class=\"elementor-element elementor-element-1791d34 elementor-widget elementor-widget-image\" data-id=\"1791d34\" data-element_type=\"widget\" data-e-type=\"widget\" data-settings=\"{&quot;htmega_fe&quot;:&quot;no&quot;}\" data-widget_type=\"image.default\">\n\t\t\t\t<div class=\"elementor-widget-container\">\n\t\t\t\t\t\t\t\t\t\t\t\t\t\t\t<img loading=\"lazy\" decoding=\"async\" width=\"500\" height=\"500\" src=\"https:\/\/www.interpadelmedia.com\/wp-content\/uploads\/2025\/06\/marcos_nosotros.jpg\" class=\"attachment-full size-full wp-image-2217\" alt=\"\" srcset=\"https:\/\/www.interpadelmedia.com\/wp-content\/uploads\/2025\/06\/marcos_nosotros.jpg 500w, https:\/\/www.interpadelmedia.com\/wp-content\/uploads\/2025\/06\/marcos_nosotros-300x300.jpg 300w, https:\/\/www.interpadelmedia.com\/wp-content\/uploads\/2025\/06\/marcos_nosotros-150x150.jpg 150w\" sizes=\"(max-width: 500px) 100vw, 500px\" \/>\t\t\t\t\t\t\t\t\t\t\t\t\t\t\t<\/div>\n\t\t\t\t<\/div>\n\t\t\t\t<\/div>\n\t\t<div class=\"elementor-element elementor-element-70caf17 e-con-full e-flex e-con e-child\" data-id=\"70caf17\" data-element_type=\"container\" data-e-type=\"container\">\n\t\t\t\t<div class=\"elementor-element elementor-element-d87f369 elementor-widget elementor-widget-heading\" data-id=\"d87f369\" data-element_type=\"widget\" data-e-type=\"widget\" data-settings=\"{&quot;htmega_fe&quot;:&quot;no&quot;}\" data-widget_type=\"heading.default\">\n\t\t\t\t<div class=\"elementor-widget-container\">\n\t\t\t\t\t<h3 class=\"elementor-heading-title elementor-size-default\">Marcos Robles Herrero<\/h3>\t\t\t\t<\/div>\n\t\t\t\t<\/div>\n\t\t\t\t<div class=\"elementor-element elementor-element-6b19f18 elementor-widget elementor-widget-heading\" data-id=\"6b19f18\" data-element_type=\"widget\" data-e-type=\"widget\" data-settings=\"{&quot;htmega_fe&quot;:&quot;no&quot;}\" data-widget_type=\"heading.default\">\n\t\t\t\t<div class=\"elementor-widget-container\">\n\t\t\t\t\t<h2 class=\"elementor-heading-title elementor-size-default\">Web Development Manager<\/h2>\t\t\t\t<\/div>\n\t\t\t\t<\/div>\n\t\t\t\t<\/div>\n\t\t\t\t<\/div>\n\t\t\t\t<\/div>\n\t\t\t\t\t<\/div>\n\t\t\t\t<\/div>\n\t\t\t\t<\/div>\n\t\t","protected":false},"excerpt":{"rendered":"<p>Organization chart Iv\u00e1n Hern\u00e1ndez Mart\u00edn President presidencia@interpadelmedia.com \u00c1lvaro L\u00f3pez Belinch\u00f3n Vice-president Miguel Sanmart\u00edn Secretary Marcos Robles Herrero Web Development Manager<\/p>\n","protected":false},"author":1,"featured_media":2209,"parent":0,"menu_order":0,"comment_status":"closed","ping_status":"closed","template":"","meta":{"footnotes":""},"class_list":["post-2214","page","type-page","status-publish","has-post-thumbnail","hentry"],"yoast_head":"<!-- This site is optimized with the Yoast SEO plugin v27.5 - https:\/\/yoast.com\/product\/yoast-seo-wordpress\/ -->\n<title>Organizational Chart - International Padel Media Association<\/title>\n<meta name=\"description\" content=\"Get to know the structure and team of the International Padel Media Association. Transparency and commitment to the sector.\" \/>\n<meta name=\"robots\" content=\"index, follow, max-snippet:-1, max-image-preview:large, max-video-preview:-1\" \/>\n<link rel=\"canonical\" href=\"https:\/\/www.interpadelmedia.com\/en\/organization-chart\/\" \/>\n<meta property=\"og:locale\" content=\"en_US\" \/>\n<meta property=\"og:type\" content=\"article\" \/>\n<meta property=\"og:title\" content=\"Organizational Chart - International Padel Media Association\" \/>\n<meta property=\"og:description\" content=\"Get to know the structure and team of the International Padel Media Association. Transparency and commitment to the sector.\" \/>\n<meta property=\"og:url\" content=\"https:\/\/www.interpadelmedia.com\/en\/organization-chart\/\" \/>\n<meta property=\"og:site_name\" content=\"International Padel Media Association (IPMA)\" \/>\n<meta property=\"article:publisher\" content=\"https:\/\/www.facebook.com\/profile.php?id=61564675752871\" \/>\n<meta property=\"article:modified_time\" content=\"2025-12-03T23:53:27+00:00\" \/>\n<meta property=\"og:image\" content=\"https:\/\/www.interpadelmedia.com\/wp-content\/uploads\/2025\/06\/Open_Graph_verde-1024x538.png\" \/>\n<meta name=\"twitter:card\" content=\"summary_large_image\" \/>\n<meta name=\"twitter:title\" content=\"Organizational Chart - International Padel Media Association\" \/>\n<meta name=\"twitter:description\" content=\"Get to know the structure and team of the International Padel Media Association. Transparency and commitment to the sector.\" \/>\n<meta name=\"twitter:image\" content=\"https:\/\/www.interpadelmedia.com\/wp-content\/uploads\/2025\/06\/Open_Graph_verde-1024x538.png\" \/>\n<meta name=\"twitter:site\" content=\"@InterPadelMedia\" \/>\n<script type=\"application\/ld+json\" class=\"yoast-schema-graph\">{\"@context\":\"https:\\\/\\\/schema.org\",\"@graph\":[{\"@type\":\"WebPage\",\"@id\":\"https:\\\/\\\/www.interpadelmedia.com\\\/en\\\/organization-chart\\\/\",\"url\":\"https:\\\/\\\/www.interpadelmedia.com\\\/en\\\/organization-chart\\\/\",\"name\":\"Organizational Chart - International Padel Media Association\",\"isPartOf\":{\"@id\":\"https:\\\/\\\/www.interpadelmedia.com\\\/en\\\/#website\"},\"primaryImageOfPage\":{\"@id\":\"https:\\\/\\\/www.interpadelmedia.com\\\/en\\\/organization-chart\\\/#primaryimage\"},\"image\":{\"@id\":\"https:\\\/\\\/www.interpadelmedia.com\\\/en\\\/organization-chart\\\/#primaryimage\"},\"thumbnailUrl\":\"https:\\\/\\\/www.interpadelmedia.com\\\/wp-content\\\/uploads\\\/2025\\\/06\\\/Open_Graph_verde.png\",\"datePublished\":\"2025-06-21T16:01:08+00:00\",\"dateModified\":\"2025-12-03T23:53:27+00:00\",\"description\":\"Get to know the structure and team of the International Padel Media Association. Transparency and commitment to the sector.\",\"breadcrumb\":{\"@id\":\"https:\\\/\\\/www.interpadelmedia.com\\\/en\\\/organization-chart\\\/#breadcrumb\"},\"inLanguage\":\"en-US\",\"potentialAction\":[{\"@type\":\"ReadAction\",\"target\":[\"https:\\\/\\\/www.interpadelmedia.com\\\/en\\\/organization-chart\\\/\"]}]},{\"@type\":\"ImageObject\",\"inLanguage\":\"en-US\",\"@id\":\"https:\\\/\\\/www.interpadelmedia.com\\\/en\\\/organization-chart\\\/#primaryimage\",\"url\":\"https:\\\/\\\/www.interpadelmedia.com\\\/wp-content\\\/uploads\\\/2025\\\/06\\\/Open_Graph_verde.png\",\"contentUrl\":\"https:\\\/\\\/www.interpadelmedia.com\\\/wp-content\\\/uploads\\\/2025\\\/06\\\/Open_Graph_verde.png\",\"width\":1200,\"height\":630},{\"@type\":\"BreadcrumbList\",\"@id\":\"https:\\\/\\\/www.interpadelmedia.com\\\/en\\\/organization-chart\\\/#breadcrumb\",\"itemListElement\":[{\"@type\":\"ListItem\",\"position\":1,\"name\":\"Portada\",\"item\":\"https:\\\/\\\/www.interpadelmedia.com\\\/en\\\/\"},{\"@type\":\"ListItem\",\"position\":2,\"name\":\"Organization chart\"}]},{\"@type\":\"WebSite\",\"@id\":\"https:\\\/\\\/www.interpadelmedia.com\\\/en\\\/#website\",\"url\":\"https:\\\/\\\/www.interpadelmedia.com\\\/en\\\/\",\"name\":\"Asociaci\u00f3n Internacional de Medios de P\u00e1del\",\"description\":\"El p\u00e1del une\",\"publisher\":{\"@id\":\"https:\\\/\\\/www.interpadelmedia.com\\\/en\\\/#organization\"},\"alternateName\":\"International Padel Media Association\",\"potentialAction\":[{\"@type\":\"SearchAction\",\"target\":{\"@type\":\"EntryPoint\",\"urlTemplate\":\"https:\\\/\\\/www.interpadelmedia.com\\\/en\\\/?s={search_term_string}\"},\"query-input\":{\"@type\":\"PropertyValueSpecification\",\"valueRequired\":true,\"valueName\":\"search_term_string\"}}],\"inLanguage\":\"en-US\"},{\"@type\":\"Organization\",\"@id\":\"https:\\\/\\\/www.interpadelmedia.com\\\/en\\\/#organization\",\"name\":\"Asociaci\u00f3n Internacional de Medios de P\u00e1del\",\"alternateName\":\"International Padel Media Association\",\"url\":\"https:\\\/\\\/www.interpadelmedia.com\\\/en\\\/\",\"logo\":{\"@type\":\"ImageObject\",\"inLanguage\":\"en-US\",\"@id\":\"https:\\\/\\\/www.interpadelmedia.com\\\/en\\\/#\\\/schema\\\/logo\\\/image\\\/\",\"url\":\"https:\\\/\\\/www.interpadelmedia.com\\\/wp-content\\\/uploads\\\/2025\\\/06\\\/Logo_verde_1_1.png\",\"contentUrl\":\"https:\\\/\\\/www.interpadelmedia.com\\\/wp-content\\\/uploads\\\/2025\\\/06\\\/Logo_verde_1_1.png\",\"width\":250,\"height\":250,\"caption\":\"Asociaci\u00f3n Internacional de Medios de P\u00e1del\"},\"image\":{\"@id\":\"https:\\\/\\\/www.interpadelmedia.com\\\/en\\\/#\\\/schema\\\/logo\\\/image\\\/\"},\"sameAs\":[\"https:\\\/\\\/www.facebook.com\\\/profile.php?id=61564675752871\",\"https:\\\/\\\/x.com\\\/InterPadelMedia\",\"https:\\\/\\\/www.instagram.com\\\/interpadelmedia\\\/\",\"https:\\\/\\\/www.linkedin.com\\\/company\\\/asociacion-internacional-de-medios-de-padel\\\/posts\\\/?feedView=all\"]}]}<\/script>\n<!-- \/ Yoast SEO plugin. -->","yoast_head_json":{"title":"Organizational Chart - International Padel Media Association","description":"Get to know the structure and team of the International Padel Media Association. Transparency and commitment to the sector.","robots":{"index":"index","follow":"follow","max-snippet":"max-snippet:-1","max-image-preview":"max-image-preview:large","max-video-preview":"max-video-preview:-1"},"canonical":"https:\/\/www.interpadelmedia.com\/en\/organization-chart\/","og_locale":"en_US","og_type":"article","og_title":"Organizational Chart - International Padel Media Association","og_description":"Get to know the structure and team of the International Padel Media Association. Transparency and commitment to the sector.","og_url":"https:\/\/www.interpadelmedia.com\/en\/organization-chart\/","og_site_name":"International Padel Media Association (IPMA)","article_publisher":"https:\/\/www.facebook.com\/profile.php?id=61564675752871","article_modified_time":"2025-12-03T23:53:27+00:00","og_image":[{"url":"https:\/\/www.interpadelmedia.com\/wp-content\/uploads\/2025\/06\/Open_Graph_verde-1024x538.png","type":"","width":"","height":""}],"twitter_card":"summary_large_image","twitter_title":"Organizational Chart - International Padel Media Association","twitter_description":"Get to know the structure and team of the International Padel Media Association. Transparency and commitment to the sector.","twitter_image":"https:\/\/www.interpadelmedia.com\/wp-content\/uploads\/2025\/06\/Open_Graph_verde-1024x538.png","twitter_site":"@InterPadelMedia","schema":{"@context":"https:\/\/schema.org","@graph":[{"@type":"WebPage","@id":"https:\/\/www.interpadelmedia.com\/en\/organization-chart\/","url":"https:\/\/www.interpadelmedia.com\/en\/organization-chart\/","name":"Organizational Chart - International Padel Media Association","isPartOf":{"@id":"https:\/\/www.interpadelmedia.com\/en\/#website"},"primaryImageOfPage":{"@id":"https:\/\/www.interpadelmedia.com\/en\/organization-chart\/#primaryimage"},"image":{"@id":"https:\/\/www.interpadelmedia.com\/en\/organization-chart\/#primaryimage"},"thumbnailUrl":"https:\/\/www.interpadelmedia.com\/wp-content\/uploads\/2025\/06\/Open_Graph_verde.png","datePublished":"2025-06-21T16:01:08+00:00","dateModified":"2025-12-03T23:53:27+00:00","description":"Get to know the structure and team of the International Padel Media Association. Transparency and commitment to the sector.","breadcrumb":{"@id":"https:\/\/www.interpadelmedia.com\/en\/organization-chart\/#breadcrumb"},"inLanguage":"en-US","potentialAction":[{"@type":"ReadAction","target":["https:\/\/www.interpadelmedia.com\/en\/organization-chart\/"]}]},{"@type":"ImageObject","inLanguage":"en-US","@id":"https:\/\/www.interpadelmedia.com\/en\/organization-chart\/#primaryimage","url":"https:\/\/www.interpadelmedia.com\/wp-content\/uploads\/2025\/06\/Open_Graph_verde.png","contentUrl":"https:\/\/www.interpadelmedia.com\/wp-content\/uploads\/2025\/06\/Open_Graph_verde.png","width":1200,"height":630},{"@type":"BreadcrumbList","@id":"https:\/\/www.interpadelmedia.com\/en\/organization-chart\/#breadcrumb","itemListElement":[{"@type":"ListItem","position":1,"name":"Portada","item":"https:\/\/www.interpadelmedia.com\/en\/"},{"@type":"ListItem","position":2,"name":"Organization chart"}]},{"@type":"WebSite","@id":"https:\/\/www.interpadelmedia.com\/en\/#website","url":"https:\/\/www.interpadelmedia.com\/en\/","name":"Asociaci\u00f3n Internacional de Medios de P\u00e1del","description":"El p\u00e1del une","publisher":{"@id":"https:\/\/www.interpadelmedia.com\/en\/#organization"},"alternateName":"International Padel Media Association","potentialAction":[{"@type":"SearchAction","target":{"@type":"EntryPoint","urlTemplate":"https:\/\/www.interpadelmedia.com\/en\/?s={search_term_string}"},"query-input":{"@type":"PropertyValueSpecification","valueRequired":true,"valueName":"search_term_string"}}],"inLanguage":"en-US"},{"@type":"Organization","@id":"https:\/\/www.interpadelmedia.com\/en\/#organization","name":"Asociaci\u00f3n Internacional de Medios de P\u00e1del","alternateName":"International Padel Media Association","url":"https:\/\/www.interpadelmedia.com\/en\/","logo":{"@type":"ImageObject","inLanguage":"en-US","@id":"https:\/\/www.interpadelmedia.com\/en\/#\/schema\/logo\/image\/","url":"https:\/\/www.interpadelmedia.com\/wp-content\/uploads\/2025\/06\/Logo_verde_1_1.png","contentUrl":"https:\/\/www.interpadelmedia.com\/wp-content\/uploads\/2025\/06\/Logo_verde_1_1.png","width":250,"height":250,"caption":"Asociaci\u00f3n Internacional de Medios de P\u00e1del"},"image":{"@id":"https:\/\/www.interpadelmedia.com\/en\/#\/schema\/logo\/image\/"},"sameAs":["https:\/\/www.facebook.com\/profile.php?id=61564675752871","https:\/\/x.com\/InterPadelMedia","https:\/\/www.instagram.com\/interpadelmedia\/","https:\/\/www.linkedin.com\/company\/asociacion-internacional-de-medios-de-padel\/posts\/?feedView=all"]}]}},"_links":{"self":[{"href":"https:\/\/www.interpadelmedia.com\/en\/wp-json\/wp\/v2\/pages\/2214","targetHints":{"allow":["GET"]}}],"collection":[{"href":"https:\/\/www.interpadelmedia.com\/en\/wp-json\/wp\/v2\/pages"}],"about":[{"href":"https:\/\/www.interpadelmedia.com\/en\/wp-json\/wp\/v2\/types\/page"}],"author":[{"embeddable":true,"href":"https:\/\/www.interpadelmedia.com\/en\/wp-json\/wp\/v2\/users\/1"}],"replies":[{"embeddable":true,"href":"https:\/\/www.interpadelmedia.com\/en\/wp-json\/wp\/v2\/comments?post=2214"}],"version-history":[{"count":1,"href":"https:\/\/www.interpadelmedia.com\/en\/wp-json\/wp\/v2\/pages\/2214\/revisions"}],"predecessor-version":[{"id":2221,"href":"https:\/\/www.interpadelmedia.com\/en\/wp-json\/wp\/v2\/pages\/2214\/revisions\/2221"}],"wp:featuredmedia":[{"embeddable":true,"href":"https:\/\/www.interpadelmedia.com\/en\/wp-json\/wp\/v2\/media\/2209"}],"wp:attachment":[{"href":"https:\/\/www.interpadelmedia.com\/en\/wp-json\/wp\/v2\/media?parent=2214"}],"curies":[{"name":"wp","href":"https:\/\/api.w.org\/{rel}","templated":true}]}}