{"id":2207,"date":"2025-06-22T10:20:40","date_gmt":"2025-06-22T08:20:40","guid":{"rendered":"https:\/\/www.interpadelmedia.com\/news\/"},"modified":"2025-12-04T01:33:28","modified_gmt":"2025-12-04T00:33:28","slug":"news","status":"publish","type":"page","link":"https:\/\/www.interpadelmedia.com\/en\/news\/","title":{"rendered":"News"},"content":{"rendered":"\t\t<div data-elementor-type=\"wp-page\" data-elementor-id=\"2207\" class=\"elementor elementor-2207 elementor-583\">\n\t\t\t\t<div class=\"elementor-element elementor-element-6aca78ab e-flex e-con-boxed e-con e-parent\" data-id=\"6aca78ab\" data-element_type=\"container\" data-e-type=\"container\">\n\t\t\t\t\t<div class=\"e-con-inner\">\n\t\t\t\t<div class=\"elementor-element elementor-element-11e43c3e elementor-widget elementor-widget-heading\" data-id=\"11e43c3e\" data-element_type=\"widget\" data-e-type=\"widget\" data-settings=\"{&quot;htmega_fe&quot;:&quot;no&quot;}\" data-widget_type=\"heading.default\">\n\t\t\t\t<div class=\"elementor-widget-container\">\n\t\t\t\t\t<h2 class=\"elementor-heading-title elementor-size-default\">News<\/h2>\t\t\t\t<\/div>\n\t\t\t\t<\/div>\n\t\t\t\t\t<\/div>\n\t\t\t\t<\/div>\n\t\t<div class=\"elementor-element elementor-element-c98e94a e-flex e-con-boxed e-con e-parent\" data-id=\"c98e94a\" data-element_type=\"container\" data-e-type=\"container\">\n\t\t\t\t\t<div class=\"e-con-inner\">\n\t\t\t\t<div class=\"elementor-element elementor-element-af530d0 elementor-widget elementor-widget-contentviews_widget_grid1\" data-id=\"af530d0\" data-element_type=\"widget\" data-e-type=\"widget\" data-settings=\"{&quot;htmega_fe&quot;:&quot;no&quot;}\" data-widget_type=\"contentviews_widget_grid1.default\">\n\t\t\t\t<div class=\"elementor-widget-container\">\n\t\t\t\t\t<div class='pt-cv-wrapper'> <div class=\"pt-cv-view pt-cv-blockgrid iscvblock iscvelementor grid1 layout1 cveffect-zoomin\" id=\"pt-cv-view-af530d0\"><div data-id=\"pt-cv-page-1\" class=\"pt-cv-page\" data-cvc=\"3\"><div class=\" pt-cv-content-item pt-cv-1-col\" ><div class=\"pt-cv-thumb-wrapper  \"><a href=\"https:\/\/www.interpadelmedia.com\/en\/ad-vantage-padel-team-brings-the-hexagon-spirit-to-los-angeles-in-a-star-studded-bero-padel-classic\/\" class=\"_self pt-cv-href-thumbnail pt-cv-thumb-default\" target=\"_self\" ><img fetchpriority=\"high\" decoding=\"async\" width=\"800\" height=\"534\" src=\"https:\/\/www.interpadelmedia.com\/wp-content\/uploads\/2026\/05\/Tom-Holland-web-1024x683.png\" class=\"pt-cv-thumbnail\" alt=\"\" srcset=\"https:\/\/www.interpadelmedia.com\/wp-content\/uploads\/2026\/05\/Tom-Holland-web-1024x683.png 1024w, https:\/\/www.interpadelmedia.com\/wp-content\/uploads\/2026\/05\/Tom-Holland-web-300x200.png 300w, https:\/\/www.interpadelmedia.com\/wp-content\/uploads\/2026\/05\/Tom-Holland-web-768x512.png 768w, https:\/\/www.interpadelmedia.com\/wp-content\/uploads\/2026\/05\/Tom-Holland-web.png 1500w\" sizes=\"(max-width: 800px) 100vw, 800px\" \/><\/a><\/div>\n<h4 class=\"pt-cv-title\"><a href=\"https:\/\/www.interpadelmedia.com\/en\/ad-vantage-padel-team-brings-the-hexagon-spirit-to-los-angeles-in-a-star-studded-bero-padel-classic\/\" class=\"_self\" target=\"_self\" >AD\/Vantage Padel Team brings the Hexagon spirit to Los Angeles in a star-studded BERO Padel Classic<\/a><\/h4><\/div>\n<div class=\" pt-cv-content-item pt-cv-1-col\" ><div class=\"pt-cv-thumb-wrapper  \"><a href=\"https:\/\/www.interpadelmedia.com\/en\/skechers-strengthens-its-commitment-to-padel-with-a-strategic-partnership-whit-club-el-estudiante\/\" class=\"_self pt-cv-href-thumbnail pt-cv-thumb-default\" target=\"_self\" ><img decoding=\"async\" width=\"800\" height=\"532\" src=\"https:\/\/www.interpadelmedia.com\/wp-content\/uploads\/2026\/04\/Skechers-Padel-web-1024x681.png\" class=\"pt-cv-thumbnail\" alt=\"\" srcset=\"https:\/\/www.interpadelmedia.com\/wp-content\/uploads\/2026\/04\/Skechers-Padel-web-1024x681.png 1024w, https:\/\/www.interpadelmedia.com\/wp-content\/uploads\/2026\/04\/Skechers-Padel-web-300x200.png 300w, https:\/\/www.interpadelmedia.com\/wp-content\/uploads\/2026\/04\/Skechers-Padel-web-768x511.png 768w, https:\/\/www.interpadelmedia.com\/wp-content\/uploads\/2026\/04\/Skechers-Padel-web.png 1500w\" sizes=\"(max-width: 800px) 100vw, 800px\" \/><\/a><\/div>\n<h4 class=\"pt-cv-title\"><a href=\"https:\/\/www.interpadelmedia.com\/en\/skechers-strengthens-its-commitment-to-padel-with-a-strategic-partnership-whit-club-el-estudiante\/\" class=\"_self\" target=\"_self\" >Skechers strengthens its commitment to padel with a strategic partnership whit club El Estudiante<\/a><\/h4><\/div>\n<div class=\" pt-cv-content-item pt-cv-1-col\" ><div class=\"pt-cv-thumb-wrapper  \"><a href=\"https:\/\/www.interpadelmedia.com\/en\/padel-travelx-brings-world-renowened-coach-manu-martin-to-london-for-exclusive-masterclass-clinics\/\" class=\"_self pt-cv-href-thumbnail pt-cv-thumb-default\" target=\"_self\" ><img decoding=\"async\" width=\"800\" height=\"534\" src=\"https:\/\/www.interpadelmedia.com\/wp-content\/uploads\/2026\/04\/Copy-of-DSC01005-1024x683.jpg\" class=\"pt-cv-thumbnail\" alt=\"\" srcset=\"https:\/\/www.interpadelmedia.com\/wp-content\/uploads\/2026\/04\/Copy-of-DSC01005-1024x683.jpg 1024w, https:\/\/www.interpadelmedia.com\/wp-content\/uploads\/2026\/04\/Copy-of-DSC01005-300x200.jpg 300w, https:\/\/www.interpadelmedia.com\/wp-content\/uploads\/2026\/04\/Copy-of-DSC01005-768x512.jpg 768w, https:\/\/www.interpadelmedia.com\/wp-content\/uploads\/2026\/04\/Copy-of-DSC01005-1536x1024.jpg 1536w, https:\/\/www.interpadelmedia.com\/wp-content\/uploads\/2026\/04\/Copy-of-DSC01005-2048x1365.jpg 2048w\" sizes=\"(max-width: 800px) 100vw, 800px\" \/><\/a><\/div>\n<h4 class=\"pt-cv-title\"><a href=\"https:\/\/www.interpadelmedia.com\/en\/padel-travelx-brings-world-renowened-coach-manu-martin-to-london-for-exclusive-masterclass-clinics\/\" class=\"_self\" target=\"_self\" >P\u00e1del TravelX brings world-renowened coach             Manu Mart\u00edn to London for exclusive masterclass clinics<\/a><\/h4><\/div>\n<div class=\" pt-cv-content-item pt-cv-1-col\" ><div class=\"pt-cv-thumb-wrapper  \"><a href=\"https:\/\/www.interpadelmedia.com\/en\/argentina-to-host-the-fip-senior-world-cup-for-the-first-time\/\" class=\"_self pt-cv-href-thumbnail pt-cv-thumb-default\" target=\"_self\" ><img loading=\"lazy\" decoding=\"async\" width=\"800\" height=\"450\" src=\"https:\/\/www.interpadelmedia.com\/wp-content\/uploads\/2026\/04\/FIP-SENIOR-WORLD-CUP_Web2-1024x576.png\" class=\"pt-cv-thumbnail\" alt=\"\" srcset=\"https:\/\/www.interpadelmedia.com\/wp-content\/uploads\/2026\/04\/FIP-SENIOR-WORLD-CUP_Web2-1024x576.png 1024w, https:\/\/www.interpadelmedia.com\/wp-content\/uploads\/2026\/04\/FIP-SENIOR-WORLD-CUP_Web2-300x169.png 300w, https:\/\/www.interpadelmedia.com\/wp-content\/uploads\/2026\/04\/FIP-SENIOR-WORLD-CUP_Web2-768x432.png 768w, https:\/\/www.interpadelmedia.com\/wp-content\/uploads\/2026\/04\/FIP-SENIOR-WORLD-CUP_Web2.png 1500w\" sizes=\"(max-width: 800px) 100vw, 800px\" \/><\/a><\/div>\n<h4 class=\"pt-cv-title\"><a href=\"https:\/\/www.interpadelmedia.com\/en\/argentina-to-host-the-fip-senior-world-cup-for-the-first-time\/\" class=\"_self\" target=\"_self\" >Argentina to host the FIP Senior World Cup for               the first time<\/a><\/h4><\/div>\n<div class=\" pt-cv-content-item pt-cv-1-col\" ><div class=\"pt-cv-thumb-wrapper  \"><a href=\"https:\/\/www.interpadelmedia.com\/en\/greenset-official-court-of-newgiza-premier-padel-p2-2026\/\" class=\"_self pt-cv-href-thumbnail pt-cv-thumb-default\" target=\"_self\" ><img loading=\"lazy\" decoding=\"async\" width=\"800\" height=\"534\" src=\"https:\/\/www.interpadelmedia.com\/wp-content\/uploads\/2026\/04\/Premier-Padel-Egipto2026_greenset-web-1024x683.png\" class=\"pt-cv-thumbnail\" alt=\"\" srcset=\"https:\/\/www.interpadelmedia.com\/wp-content\/uploads\/2026\/04\/Premier-Padel-Egipto2026_greenset-web-1024x683.png 1024w, https:\/\/www.interpadelmedia.com\/wp-content\/uploads\/2026\/04\/Premier-Padel-Egipto2026_greenset-web-300x200.png 300w, https:\/\/www.interpadelmedia.com\/wp-content\/uploads\/2026\/04\/Premier-Padel-Egipto2026_greenset-web-768x512.png 768w, https:\/\/www.interpadelmedia.com\/wp-content\/uploads\/2026\/04\/Premier-Padel-Egipto2026_greenset-web.png 1500w\" sizes=\"(max-width: 800px) 100vw, 800px\" \/><\/a><\/div>\n<h4 class=\"pt-cv-title\"><a href=\"https:\/\/www.interpadelmedia.com\/en\/greenset-official-court-of-newgiza-premier-padel-p2-2026\/\" class=\"_self\" target=\"_self\" >greenset, official court of NEWGIZA Premier Padel         P2 2026<\/a><\/h4><\/div>\n<div class=\" pt-cv-content-item pt-cv-1-col\" ><div class=\"pt-cv-thumb-wrapper  \"><a href=\"https:\/\/www.interpadelmedia.com\/en\/bonabola-signs-an-agreement-with-ipma-to-strengthen-its-visibility-in-the-padel-ecosystem\/\" class=\"_self pt-cv-href-thumbnail pt-cv-thumb-default\" target=\"_self\" ><img loading=\"lazy\" decoding=\"async\" width=\"800\" height=\"450\" src=\"https:\/\/www.interpadelmedia.com\/wp-content\/uploads\/2026\/04\/20260402_123141-2_red-1024x576.jpg\" class=\"pt-cv-thumbnail\" alt=\"Acuerdo Bonabola e IPMA\" srcset=\"https:\/\/www.interpadelmedia.com\/wp-content\/uploads\/2026\/04\/20260402_123141-2_red-1024x576.jpg 1024w, https:\/\/www.interpadelmedia.com\/wp-content\/uploads\/2026\/04\/20260402_123141-2_red-300x169.jpg 300w, https:\/\/www.interpadelmedia.com\/wp-content\/uploads\/2026\/04\/20260402_123141-2_red-768x432.jpg 768w, https:\/\/www.interpadelmedia.com\/wp-content\/uploads\/2026\/04\/20260402_123141-2_red.jpg 1500w\" sizes=\"(max-width: 800px) 100vw, 800px\" \/><\/a><\/div>\n<h4 class=\"pt-cv-title\"><a href=\"https:\/\/www.interpadelmedia.com\/en\/bonabola-signs-an-agreement-with-ipma-to-strengthen-its-visibility-in-the-padel-ecosystem\/\" class=\"_self\" target=\"_self\" >Bonabola signs an agreement with IPMA to strengthen its visibility in the padel ecosystem<\/a><\/h4><\/div><\/div><\/div>\n<div class=\" pt-cv-pagination-wrapper\"><ul class=\"pt-cv-pagination pt-cv-ajax pagination\" data-totalpages=\"14\" data-currentpage=\"1\" data-sid=\"af530d0\" data-unid=\"\" data-iselementor=\"af530d0\" data-postid=\"0\"><li class=\"active\"><a href=\"#\">1<\/a><\/li>\n\t<li ><a class=\"\" href=\"https:\/\/www.interpadelmedia.com\/en\/wp-json\/wp\/v2\/pages\/2207\/?_page=2\">2<\/a><\/li>\n\t<li ><a class=\"\" href=\"https:\/\/www.interpadelmedia.com\/en\/wp-json\/wp\/v2\/pages\/2207\/?_page=3\">3<\/a><\/li>\n\t<li ><a href=\"#\">&hellip;<\/a><\/li>\n\t<li ><a class=\"\" href=\"https:\/\/www.interpadelmedia.com\/en\/wp-json\/wp\/v2\/pages\/2207\/?_page=14\">14<\/a><\/li>\n\t<li ><a class=\" \" href=\"https:\/\/www.interpadelmedia.com\/en\/wp-json\/wp\/v2\/pages\/2207\/?_page=2\">&rsaquo;<\/a><\/li>\n\t<\/ul><img loading=\"lazy\" decoding=\"async\" width=\"15\" height=\"15\" class=\"pt-cv-spinner\" alt=\"Loading...\" src=\"data:image\/gif;base64,R0lGODlhDwAPALMPAMrKygwMDJOTkz09PZWVla+vr3p6euTk5M7OzuXl5TMzMwAAAJmZmWZmZszMzP\/\/\/yH\/C05FVFNDQVBFMi4wAwEAAAAh+QQFCgAPACwAAAAADwAPAAAEQvDJaZaZOIcV8iQK8VRX4iTYoAwZ4iCYoAjZ4RxejhVNoT+mRGP4cyF4Pp0N98sBGIBMEMOotl6YZ3S61Bmbkm4mAgAh+QQFCgAPACwAAAAADQANAAAENPDJSRSZeA418itN8QiK8BiLITVsFiyBBIoYqnoewAD4xPw9iY4XLGYSjkQR4UAUD45DLwIAIfkEBQoADwAsAAAAAA8ACQAABC\/wyVlamTi3nSdgwFNdhEJgTJoNyoB9ISYoQmdjiZPcj7EYCAeCF1gEDo4Dz2eIAAAh+QQFCgAPACwCAAAADQANAAAEM\/DJBxiYeLKdX3IJZT1FU0iIg2RNKx3OkZVnZ98ToRD4MyiDnkAh6BkNC0MvsAj0kMpHBAAh+QQFCgAPACwGAAAACQAPAAAEMDC59KpFDll73HkAA2wVY5KgiK5b0RRoI6MuzG6EQqCDMlSGheEhUAgqgUUAFRySIgAh+QQFCgAPACwCAAIADQANAAAEM\/DJKZNLND\/kkKaHc3xk+QAMYDKsiaqmZCxGVjSFFCxB1vwy2oOgIDxuucxAMTAJFAJNBAAh+QQFCgAPACwAAAYADwAJAAAEMNAs86q1yaWwwv2Ig0jUZx3OYa4XoRAfwADXoAwfo1+CIjyFRuEho60aSNYlOPxEAAAh+QQFCgAPACwAAAIADQANAAAENPA9s4y8+IUVcqaWJ4qEQozSoAzoIyhCK2NFU2SJk0hNnyEOhKR2AzAAj4Pj4GE4W0bkJQIAOw==\" \/><div class=\"clear pt-cv-clear-pagination\"><\/div><\/div> <\/div> \t\t\t\t<\/div>\n\t\t\t\t<\/div>\n\t\t\t\t\t<\/div>\n\t\t\t\t<\/div>\n\t\t\t\t<\/div>\n\t\t","protected":false},"excerpt":{"rendered":"<p>News No se han encontrado entradas.<\/p>\n","protected":false},"author":1,"featured_media":2209,"parent":0,"menu_order":0,"comment_status":"closed","ping_status":"closed","template":"","meta":{"footnotes":""},"class_list":["post-2207","page","type-page","status-publish","has-post-thumbnail","hentry"],"yoast_head":"<!-- This site is optimized with the Yoast SEO plugin v27.5 - https:\/\/yoast.com\/product\/yoast-seo-wordpress\/ -->\n<title>News - International Padel Media Association<\/title>\n<meta name=\"description\" content=\"News from the world of padel and communication. Check out the news published by the International Padel Media Association.\" \/>\n<meta name=\"robots\" content=\"index, follow, max-snippet:-1, max-image-preview:large, max-video-preview:-1\" \/>\n<link rel=\"canonical\" href=\"https:\/\/www.interpadelmedia.com\/en\/news\/\" \/>\n<meta property=\"og:locale\" content=\"en_US\" \/>\n<meta property=\"og:type\" content=\"article\" \/>\n<meta property=\"og:title\" content=\"News - International Padel Media Association\" \/>\n<meta property=\"og:description\" content=\"News from the world of padel and communication. Check out the news published by the International Padel Media Association.\" \/>\n<meta property=\"og:url\" content=\"https:\/\/www.interpadelmedia.com\/en\/news\/\" \/>\n<meta property=\"og:site_name\" content=\"International Padel Media Association (IPMA)\" \/>\n<meta property=\"article:publisher\" content=\"https:\/\/www.facebook.com\/profile.php?id=61564675752871\" \/>\n<meta property=\"article:modified_time\" content=\"2025-12-04T00:33:28+00:00\" \/>\n<meta property=\"og:image\" content=\"https:\/\/www.interpadelmedia.com\/wp-content\/uploads\/2025\/06\/Open_Graph_verde-1024x538.png\" \/>\n<meta name=\"twitter:card\" content=\"summary_large_image\" \/>\n<meta name=\"twitter:title\" content=\"News - International Padel Media Association\" \/>\n<meta name=\"twitter:description\" content=\"News from the world of padel and communication. Check out the news published by the International Padel Media Association.\" \/>\n<meta name=\"twitter:image\" content=\"https:\/\/www.interpadelmedia.com\/wp-content\/uploads\/2025\/06\/Open_Graph_verde-1024x538.png\" \/>\n<meta name=\"twitter:site\" content=\"@InterPadelMedia\" \/>\n<meta name=\"twitter:label1\" content=\"Est. reading time\" \/>\n\t<meta name=\"twitter:data1\" content=\"1 minute\" \/>\n<script type=\"application\/ld+json\" class=\"yoast-schema-graph\">{\"@context\":\"https:\\\/\\\/schema.org\",\"@graph\":[{\"@type\":\"WebPage\",\"@id\":\"https:\\\/\\\/www.interpadelmedia.com\\\/en\\\/news\\\/\",\"url\":\"https:\\\/\\\/www.interpadelmedia.com\\\/en\\\/news\\\/\",\"name\":\"News - International Padel Media Association\",\"isPartOf\":{\"@id\":\"https:\\\/\\\/www.interpadelmedia.com\\\/en\\\/#website\"},\"primaryImageOfPage\":{\"@id\":\"https:\\\/\\\/www.interpadelmedia.com\\\/en\\\/news\\\/#primaryimage\"},\"image\":{\"@id\":\"https:\\\/\\\/www.interpadelmedia.com\\\/en\\\/news\\\/#primaryimage\"},\"thumbnailUrl\":\"https:\\\/\\\/www.interpadelmedia.com\\\/wp-content\\\/uploads\\\/2025\\\/06\\\/Open_Graph_verde.png\",\"datePublished\":\"2025-06-22T08:20:40+00:00\",\"dateModified\":\"2025-12-04T00:33:28+00:00\",\"description\":\"News from the world of padel and communication. Check out the news published by the International Padel Media Association.\",\"breadcrumb\":{\"@id\":\"https:\\\/\\\/www.interpadelmedia.com\\\/en\\\/news\\\/#breadcrumb\"},\"inLanguage\":\"en-US\",\"potentialAction\":[{\"@type\":\"ReadAction\",\"target\":[\"https:\\\/\\\/www.interpadelmedia.com\\\/en\\\/news\\\/\"]}]},{\"@type\":\"ImageObject\",\"inLanguage\":\"en-US\",\"@id\":\"https:\\\/\\\/www.interpadelmedia.com\\\/en\\\/news\\\/#primaryimage\",\"url\":\"https:\\\/\\\/www.interpadelmedia.com\\\/wp-content\\\/uploads\\\/2025\\\/06\\\/Open_Graph_verde.png\",\"contentUrl\":\"https:\\\/\\\/www.interpadelmedia.com\\\/wp-content\\\/uploads\\\/2025\\\/06\\\/Open_Graph_verde.png\",\"width\":1200,\"height\":630},{\"@type\":\"BreadcrumbList\",\"@id\":\"https:\\\/\\\/www.interpadelmedia.com\\\/en\\\/news\\\/#breadcrumb\",\"itemListElement\":[{\"@type\":\"ListItem\",\"position\":1,\"name\":\"Portada\",\"item\":\"https:\\\/\\\/www.interpadelmedia.com\\\/en\\\/\"},{\"@type\":\"ListItem\",\"position\":2,\"name\":\"News\"}]},{\"@type\":\"WebSite\",\"@id\":\"https:\\\/\\\/www.interpadelmedia.com\\\/en\\\/#website\",\"url\":\"https:\\\/\\\/www.interpadelmedia.com\\\/en\\\/\",\"name\":\"Asociaci\u00f3n Internacional de Medios de P\u00e1del\",\"description\":\"El p\u00e1del une\",\"publisher\":{\"@id\":\"https:\\\/\\\/www.interpadelmedia.com\\\/en\\\/#organization\"},\"alternateName\":\"International Padel Media Association\",\"potentialAction\":[{\"@type\":\"SearchAction\",\"target\":{\"@type\":\"EntryPoint\",\"urlTemplate\":\"https:\\\/\\\/www.interpadelmedia.com\\\/en\\\/?s={search_term_string}\"},\"query-input\":{\"@type\":\"PropertyValueSpecification\",\"valueRequired\":true,\"valueName\":\"search_term_string\"}}],\"inLanguage\":\"en-US\"},{\"@type\":\"Organization\",\"@id\":\"https:\\\/\\\/www.interpadelmedia.com\\\/en\\\/#organization\",\"name\":\"Asociaci\u00f3n Internacional de Medios de P\u00e1del\",\"alternateName\":\"International Padel Media Association\",\"url\":\"https:\\\/\\\/www.interpadelmedia.com\\\/en\\\/\",\"logo\":{\"@type\":\"ImageObject\",\"inLanguage\":\"en-US\",\"@id\":\"https:\\\/\\\/www.interpadelmedia.com\\\/en\\\/#\\\/schema\\\/logo\\\/image\\\/\",\"url\":\"https:\\\/\\\/www.interpadelmedia.com\\\/wp-content\\\/uploads\\\/2025\\\/06\\\/Logo_verde_1_1.png\",\"contentUrl\":\"https:\\\/\\\/www.interpadelmedia.com\\\/wp-content\\\/uploads\\\/2025\\\/06\\\/Logo_verde_1_1.png\",\"width\":250,\"height\":250,\"caption\":\"Asociaci\u00f3n Internacional de Medios de P\u00e1del\"},\"image\":{\"@id\":\"https:\\\/\\\/www.interpadelmedia.com\\\/en\\\/#\\\/schema\\\/logo\\\/image\\\/\"},\"sameAs\":[\"https:\\\/\\\/www.facebook.com\\\/profile.php?id=61564675752871\",\"https:\\\/\\\/x.com\\\/InterPadelMedia\",\"https:\\\/\\\/www.instagram.com\\\/interpadelmedia\\\/\",\"https:\\\/\\\/www.linkedin.com\\\/company\\\/asociacion-internacional-de-medios-de-padel\\\/posts\\\/?feedView=all\"]}]}<\/script>\n<!-- \/ Yoast SEO plugin. -->","yoast_head_json":{"title":"News - International Padel Media Association","description":"News from the world of padel and communication. Check out the news published by the International Padel Media Association.","robots":{"index":"index","follow":"follow","max-snippet":"max-snippet:-1","max-image-preview":"max-image-preview:large","max-video-preview":"max-video-preview:-1"},"canonical":"https:\/\/www.interpadelmedia.com\/en\/news\/","og_locale":"en_US","og_type":"article","og_title":"News - International Padel Media Association","og_description":"News from the world of padel and communication. Check out the news published by the International Padel Media Association.","og_url":"https:\/\/www.interpadelmedia.com\/en\/news\/","og_site_name":"International Padel Media Association (IPMA)","article_publisher":"https:\/\/www.facebook.com\/profile.php?id=61564675752871","article_modified_time":"2025-12-04T00:33:28+00:00","og_image":[{"url":"https:\/\/www.interpadelmedia.com\/wp-content\/uploads\/2025\/06\/Open_Graph_verde-1024x538.png","type":"","width":"","height":""}],"twitter_card":"summary_large_image","twitter_title":"News - International Padel Media Association","twitter_description":"News from the world of padel and communication. Check out the news published by the International Padel Media Association.","twitter_image":"https:\/\/www.interpadelmedia.com\/wp-content\/uploads\/2025\/06\/Open_Graph_verde-1024x538.png","twitter_site":"@InterPadelMedia","twitter_misc":{"Est. reading time":"1 minute"},"schema":{"@context":"https:\/\/schema.org","@graph":[{"@type":"WebPage","@id":"https:\/\/www.interpadelmedia.com\/en\/news\/","url":"https:\/\/www.interpadelmedia.com\/en\/news\/","name":"News - International Padel Media Association","isPartOf":{"@id":"https:\/\/www.interpadelmedia.com\/en\/#website"},"primaryImageOfPage":{"@id":"https:\/\/www.interpadelmedia.com\/en\/news\/#primaryimage"},"image":{"@id":"https:\/\/www.interpadelmedia.com\/en\/news\/#primaryimage"},"thumbnailUrl":"https:\/\/www.interpadelmedia.com\/wp-content\/uploads\/2025\/06\/Open_Graph_verde.png","datePublished":"2025-06-22T08:20:40+00:00","dateModified":"2025-12-04T00:33:28+00:00","description":"News from the world of padel and communication. Check out the news published by the International Padel Media Association.","breadcrumb":{"@id":"https:\/\/www.interpadelmedia.com\/en\/news\/#breadcrumb"},"inLanguage":"en-US","potentialAction":[{"@type":"ReadAction","target":["https:\/\/www.interpadelmedia.com\/en\/news\/"]}]},{"@type":"ImageObject","inLanguage":"en-US","@id":"https:\/\/www.interpadelmedia.com\/en\/news\/#primaryimage","url":"https:\/\/www.interpadelmedia.com\/wp-content\/uploads\/2025\/06\/Open_Graph_verde.png","contentUrl":"https:\/\/www.interpadelmedia.com\/wp-content\/uploads\/2025\/06\/Open_Graph_verde.png","width":1200,"height":630},{"@type":"BreadcrumbList","@id":"https:\/\/www.interpadelmedia.com\/en\/news\/#breadcrumb","itemListElement":[{"@type":"ListItem","position":1,"name":"Portada","item":"https:\/\/www.interpadelmedia.com\/en\/"},{"@type":"ListItem","position":2,"name":"News"}]},{"@type":"WebSite","@id":"https:\/\/www.interpadelmedia.com\/en\/#website","url":"https:\/\/www.interpadelmedia.com\/en\/","name":"Asociaci\u00f3n Internacional de Medios de P\u00e1del","description":"El p\u00e1del une","publisher":{"@id":"https:\/\/www.interpadelmedia.com\/en\/#organization"},"alternateName":"International Padel Media Association","potentialAction":[{"@type":"SearchAction","target":{"@type":"EntryPoint","urlTemplate":"https:\/\/www.interpadelmedia.com\/en\/?s={search_term_string}"},"query-input":{"@type":"PropertyValueSpecification","valueRequired":true,"valueName":"search_term_string"}}],"inLanguage":"en-US"},{"@type":"Organization","@id":"https:\/\/www.interpadelmedia.com\/en\/#organization","name":"Asociaci\u00f3n Internacional de Medios de P\u00e1del","alternateName":"International Padel Media Association","url":"https:\/\/www.interpadelmedia.com\/en\/","logo":{"@type":"ImageObject","inLanguage":"en-US","@id":"https:\/\/www.interpadelmedia.com\/en\/#\/schema\/logo\/image\/","url":"https:\/\/www.interpadelmedia.com\/wp-content\/uploads\/2025\/06\/Logo_verde_1_1.png","contentUrl":"https:\/\/www.interpadelmedia.com\/wp-content\/uploads\/2025\/06\/Logo_verde_1_1.png","width":250,"height":250,"caption":"Asociaci\u00f3n Internacional de Medios de P\u00e1del"},"image":{"@id":"https:\/\/www.interpadelmedia.com\/en\/#\/schema\/logo\/image\/"},"sameAs":["https:\/\/www.facebook.com\/profile.php?id=61564675752871","https:\/\/x.com\/InterPadelMedia","https:\/\/www.instagram.com\/interpadelmedia\/","https:\/\/www.linkedin.com\/company\/asociacion-internacional-de-medios-de-padel\/posts\/?feedView=all"]}]}},"_links":{"self":[{"href":"https:\/\/www.interpadelmedia.com\/en\/wp-json\/wp\/v2\/pages\/2207","targetHints":{"allow":["GET"]}}],"collection":[{"href":"https:\/\/www.interpadelmedia.com\/en\/wp-json\/wp\/v2\/pages"}],"about":[{"href":"https:\/\/www.interpadelmedia.com\/en\/wp-json\/wp\/v2\/types\/page"}],"author":[{"embeddable":true,"href":"https:\/\/www.interpadelmedia.com\/en\/wp-json\/wp\/v2\/users\/1"}],"replies":[{"embeddable":true,"href":"https:\/\/www.interpadelmedia.com\/en\/wp-json\/wp\/v2\/comments?post=2207"}],"version-history":[{"count":5,"href":"https:\/\/www.interpadelmedia.com\/en\/wp-json\/wp\/v2\/pages\/2207\/revisions"}],"predecessor-version":[{"id":2273,"href":"https:\/\/www.interpadelmedia.com\/en\/wp-json\/wp\/v2\/pages\/2207\/revisions\/2273"}],"wp:featuredmedia":[{"embeddable":true,"href":"https:\/\/www.interpadelmedia.com\/en\/wp-json\/wp\/v2\/media\/2209"}],"wp:attachment":[{"href":"https:\/\/www.interpadelmedia.com\/en\/wp-json\/wp\/v2\/media?parent=2207"}],"curies":[{"name":"wp","href":"https:\/\/api.w.org\/{rel}","templated":true}]}}